{"id":391,"date":"2025-04-08T14:33:05","date_gmt":"2025-04-08T14:33:05","guid":{"rendered":"https:\/\/falcon-logistic.de\/wordpress\/?page_id=391"},"modified":"2025-05-27T21:31:33","modified_gmt":"2025-05-27T19:31:33","slug":"strasse","status":"publish","type":"page","link":"https:\/\/falcon-logistic.de\/index.php\/leistungen\/strasse\/","title":{"rendered":"Landverkehr"},"content":{"rendered":"\n<div class=\"wp-block-cover alignfull is-light has-custom-content-position is-position-top-left\" style=\"min-height:701px;aspect-ratio:unset;\"><span aria-hidden=\"true\" class=\"wp-block-cover__background has-secondary-background-color has-background-dim-60 has-background-dim\"><\/span><video class=\"wp-block-cover__video-background intrinsic-ignore\" autoplay muted loop playsinline src=\"https:\/\/falcon-logistic.de\/wordpress\/wp-content\/uploads\/2025\/05\/MASTER_LKW.mp4\" style=\"object-position:68% 54%\" data-object-fit=\"cover\" data-object-position=\"68% 54%\"><\/video><div class=\"wp-block-cover__inner-container is-layout-flow wp-block-cover-is-layout-flow\">\n<h2 class=\"wp-block-heading alignwide has-text-align-left o-typing-delay-500ms o-typing-fast has-text-color\" style=\"color:#ffe074;font-size:64px\"><o-anim-typing>Nationaler &amp; Internationaler G\u00fcterkraftverkehr<br>auf der Stra\u00dfe.<\/o-anim-typing><\/h2>\n\n\n\n<p>.<\/p>\n\n\n\n<div class=\"wp-block-columns alignwide is-layout-flex wp-container-core-columns-is-layout-1 wp-block-columns-is-layout-flex\">\n<div class=\"wp-block-column is-layout-flow wp-block-column-is-layout-flow\" style=\"flex-basis:55%\">\n<div style=\"height:139px\" aria-hidden=\"true\" class=\"wp-block-spacer\"><\/div>\n\n\n\n<p class=\"has-text-color\" style=\"color:#ffe074;font-size:12px;line-height:1.3\"><\/p>\n<\/div>\n\n\n\n<div class=\"wp-block-column is-layout-flow wp-block-column-is-layout-flow\"><\/div>\n<\/div>\n<\/div><\/div>\n\n\n\n<h2 class=\"wp-block-heading alignwide\" id=\"isPasted\"><strong>Landverkehr mit Falcon \u2013 zuverl\u00e4ssig, flexibel, ma\u00dfgeschneidert<\/strong><\/h2>\n\n\n\n<p>Stra\u00dfentransporte sind das R\u00fcckgrat der Lieferketten \u2013 und f\u00fcr uns bei Falcon absolute Kernkompetenz. Seit vielen Jahren realisieren wir f\u00fcr unsere Kunden ma\u00dfgeschneiderte Transportl\u00f6sungen \u00fcber die Stra\u00dfe \u2013 national wie europaweit. Dabei steht eines immer im Fokus: Ihre Anforderungen. Ob sensible Waren, schwere G\u00fcter oder komplexe Sendungsstrukturen \u2013 mit uns kommt Ihre Ladung sicher und p\u00fcnktlich ans Ziel.<\/p>\n\n\n\n<p class=\"animated fadeIn delay-500ms\"><strong>Warum Falcon?<\/strong><br>Weil wir wissen, dass kein Transport wie der andere ist. Unsere Erfahrung aus tausenden erfolgreichen Touren, kombiniert mit einem leistungsstarken Netzwerk und einem modernen Fuhrpark, macht uns zum idealen Partner \u2013 auch f\u00fcr herausfordernde Transporte.<\/p>\n\n\n\n<p class=\"animated fadeIn delay-500ms\"><strong>Wir transportieren unter anderem:<\/strong><\/p>\n\n\n\n<ul class=\"wp-block-list\">\n<li class=\"animated fadeIn delay-200ms\"><strong><a href=\"https:\/\/falcon-logistic.de\/index.php\/tag\/coiltransport\/\">Coils und Stahlprodukte<\/a><\/strong> \u2013 gesichert durch Coilmulden und Spezialauflieger<\/li>\n\n\n\n<li class=\"animated fadeIn delay-200ms\"><strong>Papier und Holz<\/strong> \u2013 mit hoher Volumenverf\u00fcgbarkeit und pr\u00e4ziser Ladungssicherung<\/li>\n\n\n\n<li class=\"animated fadeIn delay-200ms\"><strong><a href=\"https:\/\/falcon-logistic.de\/index.php\/lebensmittel\/\">Lebensmittel <\/a>und <\/strong><a href=\"https:\/\/falcon-logistic.de\/index.php\/getraenke\/\"><strong>Getr\u00e4nke<\/strong> <\/a>\u2013 temperaturgef\u00fchrt, hygienisch, planbar<\/li>\n\n\n\n<li class=\"animated fadeIn delay-200ms\"><strong>High-Value-G\u00fcter<\/strong> \u2013 mit Sicherheitskonzept und Tracking<\/li>\n\n\n\n<li class=\"animated fadeIn delay-200ms\"><a href=\"https:\/\/falcon-logistic.de\/index.php\/solar\/\"><strong>Photovoltaik und Solaranlagen<\/strong> <\/a>\u2013 empfindlich, wertvoll und terminsensibel<\/li>\n<\/ul>\n\n\n\n<p><strong>Unsere St\u00e4rken auf einen Blick:<\/strong><\/p>\n\n\n\n<ul class=\"wp-block-list\">\n<li>Ma\u00dfgeschneiderte Transportkonzepte \u2013 auch f\u00fcr Sonder- und Teilpartien<\/li>\n\n\n\n<li>Europaweites Netzwerk \u2013 dank eigenem Fuhrpark und starken Partnern<\/li>\n\n\n\n<li>St\u00fcckgut, Teil- und Komplettladungen \u2013 flexibel kombinierbar<\/li>\n\n\n\n<li>H\u00f6chste Transparenz und Zuverl\u00e4ssigkeit \u2013 durch digitale Prozesse und pers\u00f6nliche Ansprechpartner<\/li>\n\n\n\n<li>Unkomplizierte und l\u00f6sungsorientierte Zusammenarbeit \u2013 wir denken mit und weiter<\/li>\n<\/ul>\n\n\n\n<p><strong>Falcon steht f\u00fcr gelebte Logistikqualit\u00e4t auf der Stra\u00dfe \u2013 schnell, effizient und an Ihren Bedarf angepasst.<\/strong> Lassen Sie uns gemeinsam Ihre Transportanforderungen realisieren \u2013 einfach, professionell und partnerschaftlich.<\/p>\n\n\n\n<section id=\"wp-block-themeisle-blocks-advanced-columns-e4373a2b\" class=\"wp-block-themeisle-blocks-advanced-columns alignfull has-1-columns has-desktop-equal-layout has-tablet-equal-layout has-mobile-equal-layout has-vertical-flex-start animated fadeIn delay-200ms\"><div class=\"wp-block-themeisle-blocks-advanced-columns-overlay\"><\/div><div class=\"innerblocks-wrap\">\n<div id=\"wp-block-themeisle-blocks-advanced-column-0b9db5af\" class=\"wp-block-themeisle-blocks-advanced-column\"><div class=\"alignwide wp-block-ctrb-counters\" id='ctrbCounters-1' data-attributes='{&quot;counters&quot;:[{&quot;background&quot;:{&quot;color&quot;:&quot;#000000&quot;},&quot;icon&quot;:{&quot;class&quot;:&quot;fa-solid fa-truck-moving&quot;,&quot;fontSize&quot;:50,&quot;color&quot;:&quot;rgba(244, 213, 137, 1)&quot;,&quot;colorType&quot;:&quot;solid&quot;,&quot;gradient&quot;:&quot;linear-gradient(135deg,rgb(69,39,164) 0%,rgb(244,213,137) 77%,rgb(131,68,197) 100%)&quot;},&quot;number&quot;:{&quot;start&quot;:0,&quot;end&quot;:35,&quot;prefix&quot;:&quot;&quot;,&quot;suffix&quot;:&quot;+&quot;,&quot;color&quot;:&quot;#fff&quot;},&quot;label&quot;:{&quot;text&quot;:&quot;LKW&quot;,&quot;color&quot;:&quot;#fff&quot;}},{&quot;background&quot;:{&quot;color&quot;:&quot;#000000&quot;},&quot;icon&quot;:{&quot;class&quot;:&quot;fa fa-thumbs-up&quot;,&quot;fontSize&quot;:50,&quot;color&quot;:&quot;rgba(244, 213, 137, 1)&quot;,&quot;colorType&quot;:&quot;solid&quot;},&quot;number&quot;:{&quot;start&quot;:0,&quot;end&quot;:115,&quot;prefix&quot;:&quot;&quot;,&quot;suffix&quot;:&quot;+&quot;,&quot;color&quot;:&quot;#fff&quot;},&quot;label&quot;:{&quot;text&quot;:&quot;zufriedene Kunden&quot;,&quot;color&quot;:&quot;#fff&quot;}},{&quot;background&quot;:{&quot;color&quot;:&quot;#000000&quot;},&quot;icon&quot;:{&quot;class&quot;:&quot;fa-solid fa-earth-europe&quot;,&quot;fontSize&quot;:50,&quot;color&quot;:&quot;rgba(244, 213, 137, 1)&quot;,&quot;colorType&quot;:&quot;solid&quot;},&quot;number&quot;:{&quot;start&quot;:0,&quot;end&quot;:12,&quot;prefix&quot;:&quot;&quot;,&quot;suffix&quot;:&quot;&quot;,&quot;color&quot;:&quot;#fff&quot;},&quot;label&quot;:{&quot;text&quot;:&quot;L\\u00e4nder&quot;,&quot;color&quot;:&quot;#fff&quot;}},{&quot;background&quot;:{&quot;color&quot;:&quot;#000000&quot;},&quot;icon&quot;:{&quot;class&quot;:&quot;fa-solid fa-road-circle-check&quot;,&quot;fontSize&quot;:50,&quot;color&quot;:&quot;rgba(244, 213, 137, 1)&quot;},&quot;number&quot;:{&quot;start&quot;:0,&quot;end&quot;:3345,&quot;prefix&quot;:&quot;&quot;,&quot;suffix&quot;:&quot;k&quot;,&quot;color&quot;:&quot;#fff&quot;},&quot;label&quot;:{&quot;text&quot;:&quot;km \\\/ Jahr&quot;,&quot;color&quot;:&quot;#fff&quot;}}],&quot;columns&quot;:{&quot;desktop&quot;:4,&quot;tablet&quot;:2,&quot;mobile&quot;:1},&quot;padding&quot;:{&quot;vertical&quot;:&quot;20px&quot;,&quot;horizontal&quot;:&quot;0px&quot;,&quot;side&quot;:2,&quot;top&quot;:&quot;20px&quot;,&quot;right&quot;:&quot;0px&quot;,&quot;bottom&quot;:&quot;20px&quot;,&quot;left&quot;:&quot;0px&quot;},&quot;numberTypo&quot;:{&quot;fontSize&quot;:{&quot;desktop&quot;:48,&quot;tablet&quot;:40,&quot;mobile&quot;:32},&quot;fontFamily&quot;:&quot;Abel&quot;,&quot;fontCategory&quot;:&quot;sans-serif&quot;,&quot;fontWeight&quot;:400,&quot;fontVariant&quot;:400},&quot;labelTypo&quot;:{&quot;fontSize&quot;:{&quot;desktop&quot;:20,&quot;tablet&quot;:20,&quot;mobile&quot;:18},&quot;fontFamily&quot;:&quot;Varta&quot;,&quot;fontCategory&quot;:&quot;sans-serif&quot;,&quot;fontWeight&quot;:400,&quot;fontVariant&quot;:400,&quot;isUploadFont&quot;:true,&quot;textTransform&quot;:&quot;none&quot;},&quot;align&quot;:&quot;wide&quot;,&quot;theme&quot;:&quot;default&quot;,&quot;columnGap&quot;:&quot;20px&quot;,&quot;rowGap&quot;:&quot;30px&quot;,&quot;duration&quot;:2000,&quot;separator&quot;:{&quot;char&quot;:&quot;&quot;},&quot;background&quot;:{&quot;color&quot;:&quot;#0000&quot;},&quot;textAlign&quot;:&quot;center&quot;,&quot;counterWidth&quot;:&quot;250px&quot;,&quot;counterHeight&quot;:&quot;250px&quot;,&quot;isIcon&quot;:true,&quot;iconSize&quot;:50,&quot;iconPosition&quot;:&quot;top&quot;,&quot;isLabel&quot;:true,&quot;counterPadding&quot;:{&quot;vertical&quot;:&quot;20px&quot;,&quot;horizontal&quot;:&quot;20px&quot;},&quot;counterBorder&quot;:{&quot;radius&quot;:&quot;50%&quot;},&quot;counterShadow&quot;:[],&quot;hasCustomCSS&quot;:false,&quot;customCSS&quot;:&quot;&quot;,&quot;otterConditions&quot;:[]}'><\/div><\/div>\n<\/div><\/section>\n\n\n\n<div style=\"height:20px\" aria-hidden=\"true\" class=\"wp-block-spacer\"><\/div>\n\n\n\n<p><strong>Unsere Leistungen gehen \u00fcber den klassischen Stra\u00dfentransport hinaus:<\/strong><br>Als Spezialist f\u00fcr <strong>Gebietsspeditionen<\/strong> und <strong>Traileryard-L\u00f6sungen<\/strong> schaffen wir optimale Voraussetzungen f\u00fcr eine nahtlose Steuerung Ihrer Warenstr\u00f6me \u2013 vom Werk bis zum Endkunden. Mit strukturierten Abl\u00e4ufen, klaren Verantwortlichkeiten und einer l\u00fcckenlosen Dokumentation steigern wir die Effizienz Ihrer gesamten Lieferkette.<\/p>\n\n\n\n<p><strong>Und das Beste:<\/strong><br>Unser Team aus erfahrenen Logistikexperten steht Ihnen jederzeit beratend zur Seite \u2013 von der individuellen Planung Ihrer Supply Chain bis hin zur operativen Umsetzung. Mit unserem Know-how und unserem Qualit\u00e4tsanspruch stellen wir sicher, dass Ihre Waren jederzeit in besten H\u00e4nden sind.<\/p>\n\n\n\n<div id=\"wp-block-themeisle-blocks-slider-80544796\" class=\"wp-block-themeisle-blocks-slider alignfull glide animated fadeIn delay-500ms\" data-per-view=\"2\" data-gap=\"8\" data-peek=\"100\" data-autoplay=\"true\" data-height=\"400px\" data-hide-arrows=\"false\"><div class=\"glide__track\" data-glide-el=\"track\"><div class=\"glide__slides\"><div class=\"wp-block-themeisle-blocks-slider-item-wrapper glide__slide\" tabindex=\"0\"><figure><img decoding=\"async\" class=\"wp-block-themeisle-blocks-slider-item\" src=\"https:\/\/falcon-logistic.de\/wordpress\/wp-content\/uploads\/2025\/04\/falcon-_3-2025-04-08-065456.jpg\" alt=\"\" title=\"\" data-id=\"595\"\/><\/figure><\/div><div class=\"wp-block-themeisle-blocks-slider-item-wrapper glide__slide\" tabindex=\"0\"><figure><img decoding=\"async\" class=\"wp-block-themeisle-blocks-slider-item\" src=\"https:\/\/falcon-logistic.de\/wordpress\/wp-content\/uploads\/2025\/04\/Coil_05.jpg\" alt=\"\" title=\"\" data-id=\"553\"\/><\/figure><\/div><div class=\"wp-block-themeisle-blocks-slider-item-wrapper glide__slide\" tabindex=\"0\"><figure><img decoding=\"async\" class=\"wp-block-themeisle-blocks-slider-item\" src=\"https:\/\/falcon-logistic.de\/wordpress\/wp-content\/uploads\/2025\/04\/images_mercedes-benz_actros_2004_2.jpg\" alt=\"\" title=\"\" data-id=\"823\"\/><\/figure><\/div><div class=\"wp-block-themeisle-blocks-slider-item-wrapper glide__slide\" tabindex=\"0\"><figure><img decoding=\"async\" class=\"wp-block-themeisle-blocks-slider-item\" src=\"https:\/\/falcon-logistic.de\/wordpress\/wp-content\/uploads\/2025\/04\/store-5619201_1920.jpg\" alt=\"\" title=\"\" data-id=\"786\"\/><\/figure><\/div><div class=\"wp-block-themeisle-blocks-slider-item-wrapper glide__slide\" tabindex=\"0\"><figure><img decoding=\"async\" class=\"wp-block-themeisle-blocks-slider-item\" src=\"https:\/\/falcon-logistic.de\/wordpress\/wp-content\/uploads\/2025\/04\/mercedes-benz_actros_2004_images_1.jpg\" alt=\"\" title=\"\" data-id=\"820\"\/><\/figure><\/div><\/div><div class=\"glide__bullets\" data-glide-el=\"controls[nav]\"><button class=\"glide__bullet\" data-glide-dir=\"=0\"><\/button><button class=\"glide__bullet\" data-glide-dir=\"=1\"><\/button><button class=\"glide__bullet\" data-glide-dir=\"=2\"><\/button><button class=\"glide__bullet\" data-glide-dir=\"=3\"><\/button><button class=\"glide__bullet\" data-glide-dir=\"=4\"><\/button><\/div><\/div><\/div>\n\n\n\n<div class=\"wp-block-group alignfull has-primary-background-color has-background\"><div class=\"wp-block-group__inner-container is-layout-flow wp-block-group-is-layout-flow\">\n<div class=\"wp-block-columns alignwide are-vertically-aligned-top is-layout-flex wp-container-core-columns-is-layout-2 wp-block-columns-is-layout-flex\">\n<div class=\"wp-block-column is-vertically-aligned-top is-content-justification-left is-layout-constrained wp-container-core-column-is-layout-3 wp-block-column-is-layout-constrained\">\n<figure class=\"wp-block-image size-large animated slideInLeft\"><img loading=\"lazy\" decoding=\"async\" width=\"1024\" height=\"243\" src=\"https:\/\/falcon-logistic.de\/wordpress\/wp-content\/uploads\/2025\/04\/Falcon-Logo-1-1024x243.png\" alt=\"\" class=\"wp-image-598\" srcset=\"https:\/\/falcon-logistic.de\/wordpress\/wp-content\/uploads\/2025\/04\/Falcon-Logo-1-1024x243.png 1024w, https:\/\/falcon-logistic.de\/wordpress\/wp-content\/uploads\/2025\/04\/Falcon-Logo-1-300x71.png 300w, https:\/\/falcon-logistic.de\/wordpress\/wp-content\/uploads\/2025\/04\/Falcon-Logo-1-768x182.png 768w, https:\/\/falcon-logistic.de\/wordpress\/wp-content\/uploads\/2025\/04\/Falcon-Logo-1-1536x365.png 1536w, https:\/\/falcon-logistic.de\/wordpress\/wp-content\/uploads\/2025\/04\/Falcon-Logo-1-1200x285.png 1200w, https:\/\/falcon-logistic.de\/wordpress\/wp-content\/uploads\/2025\/04\/Falcon-Logo-1.png 1756w\" sizes=\"auto, (max-width: 1024px) 100vw, 1024px\" \/><\/figure>\n\n\n<div class=\"wp-block-image animated fadeIn delay-2s slower wp-duotone-grayscale\">\n<figure class=\"aligncenter size-medium\"><img loading=\"lazy\" decoding=\"async\" width=\"300\" height=\"116\" src=\"https:\/\/falcon-logistic.de\/wordpress\/wp-content\/uploads\/2025\/04\/image-3-300x116.png\" alt=\"\" class=\"wp-image-843\" srcset=\"https:\/\/falcon-logistic.de\/wordpress\/wp-content\/uploads\/2025\/04\/image-3-300x116.png 300w, https:\/\/falcon-logistic.de\/wordpress\/wp-content\/uploads\/2025\/04\/image-3.png 734w\" sizes=\"auto, (max-width: 300px) 100vw, 300px\" \/><\/figure><\/div><\/div>\n\n\n\n<div class=\"wp-block-column is-vertically-aligned-top is-layout-flow wp-block-column-is-layout-flow\" style=\"flex-basis:40%\">\n<p class=\"has-normal-font-size\">Bei uns z\u00e4hlt nur eins: Ihre Zufrieden\u00adheit! Bei welchem Transport k\u00f6nnen wir Sie unterst\u00fctzen?<\/p>\n\n\n\n<p class=\"has-normal-font-size\">Haben Sie noch Fragen oder besondere W\u00fcnsche, was Ihren Logistikauftrag angeht? Wir k\u00fcmmern uns drum! Als Spezialisten f\u00fcr Transporte aller Art freuen wir uns darauf, Ihnen weiterzuhelfen.<\/p>\n\n\n\n<p class=\"has-normal-font-size\">Kontaktieren Sie uns an und wir besprechen Ihre Anforderung pers\u00f6nlich.<\/p>\n<\/div>\n<\/div>\n\n\n\n<div class=\"wp-block-buttons is-content-justification-center is-layout-flex wp-container-core-buttons-is-layout-1 wp-block-buttons-is-layout-flex\">\n<div class=\"wp-block-button animated bounceInDown\"><a class=\"wp-block-button__link has-text-align-left wp-element-button\" href=\"https:\/\/falcon-logistic.de\/wordpress\/index.php\/kontakt\/\">Kontakt<\/a><\/div>\n<\/div>\n<\/div><\/div>\n","protected":false},"excerpt":{"rendered":"<p>Landverkehr mit Falcon \u2013 zuverl\u00e4ssig, flexibel, ma\u00dfgeschneidert Stra\u00dfentransporte sind das R\u00fcckgrat der Lieferketten \u2013 und f\u00fcr uns bei Falcon absolute Kernkompetenz. Seit vielen Jahren realisieren wir f\u00fcr unsere Kunden ma\u00dfgeschneiderte Transportl\u00f6sungen \u00fcber die Stra\u00dfe \u2013 national wie europaweit. Dabei steht eines immer im Fokus: Ihre Anforderungen. Ob sensible Waren, schwere G\u00fcter oder komplexe Sendungsstrukturen \u2013 [&hellip;]<\/p>\n","protected":false},"author":1,"featured_media":0,"parent":190,"menu_order":0,"comment_status":"closed","ping_status":"closed","template":"templates\/template-full-width.php","meta":{"_themeisle_gutenberg_block_has_review":false,"footnotes":""},"class_list":["post-391","page","type-page","status-publish","hentry"],"yoast_head":"<!-- This site is optimized with the Yoast SEO plugin v24.8.1 - https:\/\/yoast.com\/wordpress\/plugins\/seo\/ -->\r\n<title>Landverkehr - Falcon Logistics Solution<\/title>\r\n<meta name=\"robots\" content=\"index, follow, max-snippet:-1, max-image-preview:large, max-video-preview:-1\" \/>\r\n<link rel=\"canonical\" href=\"https:\/\/falcon-logistic.de\/index.php\/leistungen\/strasse\/\" \/>\r\n<meta property=\"og:locale\" content=\"de_DE\" \/>\r\n<meta property=\"og:type\" content=\"article\" \/>\r\n<meta property=\"og:title\" content=\"Landverkehr - Falcon Logistics Solution\" \/>\r\n<meta property=\"og:description\" content=\"Landverkehr mit Falcon \u2013 zuverl\u00e4ssig, flexibel, ma\u00dfgeschneidert Stra\u00dfentransporte sind das R\u00fcckgrat der Lieferketten \u2013 und f\u00fcr uns bei Falcon absolute Kernkompetenz. Seit vielen Jahren realisieren wir f\u00fcr unsere Kunden ma\u00dfgeschneiderte Transportl\u00f6sungen \u00fcber die Stra\u00dfe \u2013 national wie europaweit. Dabei steht eines immer im Fokus: Ihre Anforderungen. Ob sensible Waren, schwere G\u00fcter oder komplexe Sendungsstrukturen \u2013 [&hellip;]\" \/>\r\n<meta property=\"og:url\" content=\"https:\/\/falcon-logistic.de\/index.php\/leistungen\/strasse\/\" \/>\r\n<meta property=\"og:site_name\" content=\"Falcon Logistics Solution\" \/>\r\n<meta property=\"article:modified_time\" content=\"2025-05-27T19:31:33+00:00\" \/>\r\n<meta property=\"og:image\" content=\"https:\/\/falcon-logistic.de\/wordpress\/wp-content\/uploads\/2025\/04\/falcon-_3-2025-04-08-065456.jpg\" \/>\r\n<meta name=\"twitter:card\" content=\"summary_large_image\" \/>\r\n<meta name=\"twitter:label1\" content=\"Gesch\u00e4tzte Lesezeit\" \/>\n\t<meta name=\"twitter:data1\" content=\"4\u00a0Minuten\" \/>\r\n<script type=\"application\/ld+json\" class=\"yoast-schema-graph\">{\"@context\":\"https:\/\/schema.org\",\"@graph\":[{\"@type\":\"WebPage\",\"@id\":\"https:\/\/falcon-logistic.de\/index.php\/leistungen\/strasse\/\",\"url\":\"https:\/\/falcon-logistic.de\/index.php\/leistungen\/strasse\/\",\"name\":\"Landverkehr - Falcon Logistics Solution\",\"isPartOf\":{\"@id\":\"https:\/\/falcon-logistic.de\/#website\"},\"primaryImageOfPage\":{\"@id\":\"https:\/\/falcon-logistic.de\/index.php\/leistungen\/strasse\/#primaryimage\"},\"image\":{\"@id\":\"https:\/\/falcon-logistic.de\/index.php\/leistungen\/strasse\/#primaryimage\"},\"thumbnailUrl\":\"https:\/\/falcon-logistic.de\/wordpress\/wp-content\/uploads\/2025\/04\/falcon-_3-2025-04-08-065456.jpg\",\"datePublished\":\"2025-04-08T14:33:05+00:00\",\"dateModified\":\"2025-05-27T19:31:33+00:00\",\"breadcrumb\":{\"@id\":\"https:\/\/falcon-logistic.de\/index.php\/leistungen\/strasse\/#breadcrumb\"},\"inLanguage\":\"de\",\"potentialAction\":[{\"@type\":\"ReadAction\",\"target\":[\"https:\/\/falcon-logistic.de\/index.php\/leistungen\/strasse\/\"]}]},{\"@type\":\"ImageObject\",\"inLanguage\":\"de\",\"@id\":\"https:\/\/falcon-logistic.de\/index.php\/leistungen\/strasse\/#primaryimage\",\"url\":\"https:\/\/falcon-logistic.de\/wordpress\/wp-content\/uploads\/2025\/04\/falcon-_3-2025-04-08-065456.jpg\",\"contentUrl\":\"https:\/\/falcon-logistic.de\/wordpress\/wp-content\/uploads\/2025\/04\/falcon-_3-2025-04-08-065456.jpg\",\"width\":1414,\"height\":900},{\"@type\":\"BreadcrumbList\",\"@id\":\"https:\/\/falcon-logistic.de\/index.php\/leistungen\/strasse\/#breadcrumb\",\"itemListElement\":[{\"@type\":\"ListItem\",\"position\":1,\"name\":\"Startseite\",\"item\":\"https:\/\/falcon-logistic.de\/\"},{\"@type\":\"ListItem\",\"position\":2,\"name\":\"Leistungen\",\"item\":\"https:\/\/falcon-logistic.de\/index.php\/leistungen\/\"},{\"@type\":\"ListItem\",\"position\":3,\"name\":\"Landverkehr\"}]},{\"@type\":\"WebSite\",\"@id\":\"https:\/\/falcon-logistic.de\/#website\",\"url\":\"https:\/\/falcon-logistic.de\/\",\"name\":\"Falcon Logistics Solution\",\"description\":\"\",\"publisher\":{\"@id\":\"https:\/\/falcon-logistic.de\/#organization\"},\"potentialAction\":[{\"@type\":\"SearchAction\",\"target\":{\"@type\":\"EntryPoint\",\"urlTemplate\":\"https:\/\/falcon-logistic.de\/?s={search_term_string}\"},\"query-input\":{\"@type\":\"PropertyValueSpecification\",\"valueRequired\":true,\"valueName\":\"search_term_string\"}}],\"inLanguage\":\"de\"},{\"@type\":\"Organization\",\"@id\":\"https:\/\/falcon-logistic.de\/#organization\",\"name\":\"Falcon Logistics Solution\",\"url\":\"https:\/\/falcon-logistic.de\/\",\"logo\":{\"@type\":\"ImageObject\",\"inLanguage\":\"de\",\"@id\":\"https:\/\/falcon-logistic.de\/#\/schema\/logo\/image\/\",\"url\":\"https:\/\/falcon-logistic.de\/wordpress\/wp-content\/uploads\/2025\/04\/cropped-Falcon-Logo.png\",\"contentUrl\":\"https:\/\/falcon-logistic.de\/wordpress\/wp-content\/uploads\/2025\/04\/cropped-Falcon-Logo.png\",\"width\":1756,\"height\":417,\"caption\":\"Falcon Logistics Solution\"},\"image\":{\"@id\":\"https:\/\/falcon-logistic.de\/#\/schema\/logo\/image\/\"}}]}<\/script>\r\n<!-- \/ Yoast SEO plugin. -->","yoast_head_json":{"title":"Landverkehr - Falcon Logistics Solution","robots":{"index":"index","follow":"follow","max-snippet":"max-snippet:-1","max-image-preview":"max-image-preview:large","max-video-preview":"max-video-preview:-1"},"canonical":"https:\/\/falcon-logistic.de\/index.php\/leistungen\/strasse\/","og_locale":"de_DE","og_type":"article","og_title":"Landverkehr - Falcon Logistics Solution","og_description":"Landverkehr mit Falcon \u2013 zuverl\u00e4ssig, flexibel, ma\u00dfgeschneidert Stra\u00dfentransporte sind das R\u00fcckgrat der Lieferketten \u2013 und f\u00fcr uns bei Falcon absolute Kernkompetenz. Seit vielen Jahren realisieren wir f\u00fcr unsere Kunden ma\u00dfgeschneiderte Transportl\u00f6sungen \u00fcber die Stra\u00dfe \u2013 national wie europaweit. Dabei steht eines immer im Fokus: Ihre Anforderungen. Ob sensible Waren, schwere G\u00fcter oder komplexe Sendungsstrukturen \u2013 [&hellip;]","og_url":"https:\/\/falcon-logistic.de\/index.php\/leistungen\/strasse\/","og_site_name":"Falcon Logistics Solution","article_modified_time":"2025-05-27T19:31:33+00:00","og_image":[{"url":"https:\/\/falcon-logistic.de\/wordpress\/wp-content\/uploads\/2025\/04\/falcon-_3-2025-04-08-065456.jpg","type":"","width":"","height":""}],"twitter_card":"summary_large_image","twitter_misc":{"Gesch\u00e4tzte Lesezeit":"4\u00a0Minuten"},"schema":{"@context":"https:\/\/schema.org","@graph":[{"@type":"WebPage","@id":"https:\/\/falcon-logistic.de\/index.php\/leistungen\/strasse\/","url":"https:\/\/falcon-logistic.de\/index.php\/leistungen\/strasse\/","name":"Landverkehr - Falcon Logistics Solution","isPartOf":{"@id":"https:\/\/falcon-logistic.de\/#website"},"primaryImageOfPage":{"@id":"https:\/\/falcon-logistic.de\/index.php\/leistungen\/strasse\/#primaryimage"},"image":{"@id":"https:\/\/falcon-logistic.de\/index.php\/leistungen\/strasse\/#primaryimage"},"thumbnailUrl":"https:\/\/falcon-logistic.de\/wordpress\/wp-content\/uploads\/2025\/04\/falcon-_3-2025-04-08-065456.jpg","datePublished":"2025-04-08T14:33:05+00:00","dateModified":"2025-05-27T19:31:33+00:00","breadcrumb":{"@id":"https:\/\/falcon-logistic.de\/index.php\/leistungen\/strasse\/#breadcrumb"},"inLanguage":"de","potentialAction":[{"@type":"ReadAction","target":["https:\/\/falcon-logistic.de\/index.php\/leistungen\/strasse\/"]}]},{"@type":"ImageObject","inLanguage":"de","@id":"https:\/\/falcon-logistic.de\/index.php\/leistungen\/strasse\/#primaryimage","url":"https:\/\/falcon-logistic.de\/wordpress\/wp-content\/uploads\/2025\/04\/falcon-_3-2025-04-08-065456.jpg","contentUrl":"https:\/\/falcon-logistic.de\/wordpress\/wp-content\/uploads\/2025\/04\/falcon-_3-2025-04-08-065456.jpg","width":1414,"height":900},{"@type":"BreadcrumbList","@id":"https:\/\/falcon-logistic.de\/index.php\/leistungen\/strasse\/#breadcrumb","itemListElement":[{"@type":"ListItem","position":1,"name":"Startseite","item":"https:\/\/falcon-logistic.de\/"},{"@type":"ListItem","position":2,"name":"Leistungen","item":"https:\/\/falcon-logistic.de\/index.php\/leistungen\/"},{"@type":"ListItem","position":3,"name":"Landverkehr"}]},{"@type":"WebSite","@id":"https:\/\/falcon-logistic.de\/#website","url":"https:\/\/falcon-logistic.de\/","name":"Falcon Logistics Solution","description":"","publisher":{"@id":"https:\/\/falcon-logistic.de\/#organization"},"potentialAction":[{"@type":"SearchAction","target":{"@type":"EntryPoint","urlTemplate":"https:\/\/falcon-logistic.de\/?s={search_term_string}"},"query-input":{"@type":"PropertyValueSpecification","valueRequired":true,"valueName":"search_term_string"}}],"inLanguage":"de"},{"@type":"Organization","@id":"https:\/\/falcon-logistic.de\/#organization","name":"Falcon Logistics Solution","url":"https:\/\/falcon-logistic.de\/","logo":{"@type":"ImageObject","inLanguage":"de","@id":"https:\/\/falcon-logistic.de\/#\/schema\/logo\/image\/","url":"https:\/\/falcon-logistic.de\/wordpress\/wp-content\/uploads\/2025\/04\/cropped-Falcon-Logo.png","contentUrl":"https:\/\/falcon-logistic.de\/wordpress\/wp-content\/uploads\/2025\/04\/cropped-Falcon-Logo.png","width":1756,"height":417,"caption":"Falcon Logistics Solution"},"image":{"@id":"https:\/\/falcon-logistic.de\/#\/schema\/logo\/image\/"}}]}},"jetpack_sharing_enabled":true,"_links":{"self":[{"href":"https:\/\/falcon-logistic.de\/index.php\/wp-json\/wp\/v2\/pages\/391","targetHints":{"allow":["GET"]}}],"collection":[{"href":"https:\/\/falcon-logistic.de\/index.php\/wp-json\/wp\/v2\/pages"}],"about":[{"href":"https:\/\/falcon-logistic.de\/index.php\/wp-json\/wp\/v2\/types\/page"}],"author":[{"embeddable":true,"href":"https:\/\/falcon-logistic.de\/index.php\/wp-json\/wp\/v2\/users\/1"}],"replies":[{"embeddable":true,"href":"https:\/\/falcon-logistic.de\/index.php\/wp-json\/wp\/v2\/comments?post=391"}],"version-history":[{"count":29,"href":"https:\/\/falcon-logistic.de\/index.php\/wp-json\/wp\/v2\/pages\/391\/revisions"}],"predecessor-version":[{"id":1321,"href":"https:\/\/falcon-logistic.de\/index.php\/wp-json\/wp\/v2\/pages\/391\/revisions\/1321"}],"up":[{"embeddable":true,"href":"https:\/\/falcon-logistic.de\/index.php\/wp-json\/wp\/v2\/pages\/190"}],"wp:attachment":[{"href":"https:\/\/falcon-logistic.de\/index.php\/wp-json\/wp\/v2\/media?parent=391"}],"curies":[{"name":"wp","href":"https:\/\/api.w.org\/{rel}","templated":true}]}}