{"id":213,"date":"2025-04-07T07:31:56","date_gmt":"2025-04-07T07:31:56","guid":{"rendered":"https:\/\/falcon-logistic.de\/wordpress\/?page_id=213"},"modified":"2025-05-27T22:05:12","modified_gmt":"2025-05-27T20:05:12","slug":"luftfracht","status":"publish","type":"page","link":"https:\/\/falcon-logistic.de\/index.php\/leistungen\/luftfracht\/","title":{"rendered":"Luftfracht"},"content":{"rendered":"\n<div class=\"wp-block-cover alignfull is-light has-custom-content-position is-position-top-left\" style=\"min-height:600px;aspect-ratio:unset;\"><span aria-hidden=\"true\" class=\"wp-block-cover__background has-secondary-background-color has-background-dim-30 has-background-dim\"><\/span><video class=\"wp-block-cover__video-background intrinsic-ignore\" autoplay muted loop playsinline src=\"https:\/\/falcon-logistic.de\/wordpress\/wp-content\/uploads\/2025\/05\/faclon-plane.mp4\" data-object-fit=\"cover\"><\/video><div class=\"wp-block-cover__inner-container is-layout-flow wp-block-cover-is-layout-flow\">\n<h2 class=\"wp-block-heading alignwide o-typing-delay-500ms o-typing-fast has-text-color\" style=\"color:#ffe074;font-size:64px\"><o-anim-typing>Pr\u00e4zision auf <br>Flugh\u00f6he.<\/o-anim-typing><\/h2>\n\n\n\n<p><\/p>\n\n\n\n<div class=\"wp-block-columns alignwide is-layout-flex wp-container-core-columns-is-layout-1 wp-block-columns-is-layout-flex\">\n<div class=\"wp-block-column is-layout-flow wp-block-column-is-layout-flow\" style=\"flex-basis:55%\">\n<div style=\"height:182px\" aria-hidden=\"true\" class=\"wp-block-spacer\"><\/div>\n\n\n\n<p class=\"has-text-color\" style=\"color:#ffe074;font-size:12px;line-height:1.3\"><\/p>\n<\/div>\n\n\n\n<div class=\"wp-block-column is-layout-flow wp-block-column-is-layout-flow\"><\/div>\n<\/div>\n<\/div><\/div>\n\n\n\n<h2 class=\"wp-block-heading alignwide\"><strong>Luftfracht mit Falcon \u2013 schnell, global, zuverl\u00e4ssig<\/strong><\/h2>\n\n\n\n<p>Ob zeitkritische Ersatzteile, hochwertige G\u00fcter oder komplexe Logistikl\u00f6sungen: Mit unserer langj\u00e4hrigen Expertise in der Luftfracht bringen wir Ihre Waren sicher und termingerecht an jedes Ziel weltweit. Als erfahrener Partner im internationalen Luftverkehr entwickeln wir f\u00fcr jeden Auftrag die optimale Transportl\u00f6sung \u2013 individuell, effizient und auf h\u00f6chstem Qualit\u00e4tsniveau.<\/p>\n\n\n\n<p><strong>Warum Falcon?<\/strong><br>Weil Sie sich auf mehr verlassen k\u00f6nnen als nur auf Transport. Wir kombinieren operative Exzellenz mit umfassender Beratung und einem gelebten Qualit\u00e4tsmanagementsystem, das jeden Schritt Ihres Versands absichert. Unsere Kunden vertrauen seit Jahrzehnten auf unser Know-how, unsere Verl\u00e4sslichkeit und unsere proaktive Kommunikation \u2013 auch dann, wenn es schnell gehen muss oder besondere Anforderungen zu erf\u00fcllen sind.<\/p>\n\n\n\n<p><strong>Was wir f\u00fcr Sie tun:<\/strong><\/p>\n\n\n\n<ul class=\"wp-block-list\">\n<li>Organisation weltweiter Aircargo-Transporte \u2013 inklusive Express- und Spezialsendungen<\/li>\n\n\n\n<li>Abwicklung von <strong>Crosstrades<\/strong> und <strong>komplexen Door-to-Door-Lieferungen<\/strong><\/li>\n\n\n\n<li>Permanente Sendungsverfolgung und transparente Statusmeldungen<\/li>\n\n\n\n<li>Zollabwicklung, Dokumentenmanagement und individuelle Beratung aus einer Hand<\/li>\n<\/ul>\n\n\n\n<p><strong>Unsere Luftfrachtstandorte<\/strong> sind strategisch so gew\u00e4hlt, dass wir schnell reagieren, flexibel handeln und Ihnen stets den besten Zugang zu internationalen Luftfrachtrouten bieten k\u00f6nnen \u2013 abgestimmt auf Ihre Branche und Ihre Anforderungen.<\/p>\n\n\n\n<div class=\"wp-block-group alignfull has-primary-background-color has-background\"><div class=\"wp-block-group__inner-container is-layout-flow wp-block-group-is-layout-flow\">\n<div class=\"wp-block-columns alignwide are-vertically-aligned-top is-layout-flex wp-container-core-columns-is-layout-2 wp-block-columns-is-layout-flex\">\n<div class=\"wp-block-column is-vertically-aligned-top is-content-justification-left is-layout-constrained wp-container-core-column-is-layout-3 wp-block-column-is-layout-constrained\">\n<figure class=\"wp-block-image size-large animated slideInLeft\"><img loading=\"lazy\" decoding=\"async\" width=\"1024\" height=\"243\" src=\"https:\/\/falcon-logistic.de\/wordpress\/wp-content\/uploads\/2025\/04\/Falcon-Logo-1-1024x243.png\" alt=\"\" class=\"wp-image-598\" srcset=\"https:\/\/falcon-logistic.de\/wordpress\/wp-content\/uploads\/2025\/04\/Falcon-Logo-1-1024x243.png 1024w, https:\/\/falcon-logistic.de\/wordpress\/wp-content\/uploads\/2025\/04\/Falcon-Logo-1-300x71.png 300w, https:\/\/falcon-logistic.de\/wordpress\/wp-content\/uploads\/2025\/04\/Falcon-Logo-1-768x182.png 768w, https:\/\/falcon-logistic.de\/wordpress\/wp-content\/uploads\/2025\/04\/Falcon-Logo-1-1536x365.png 1536w, https:\/\/falcon-logistic.de\/wordpress\/wp-content\/uploads\/2025\/04\/Falcon-Logo-1-1200x285.png 1200w, https:\/\/falcon-logistic.de\/wordpress\/wp-content\/uploads\/2025\/04\/Falcon-Logo-1.png 1756w\" sizes=\"auto, (max-width: 1024px) 100vw, 1024px\" \/><\/figure>\n\n\n<div class=\"wp-block-image animated fadeIn delay-2s slower wp-duotone-grayscale\">\n<figure class=\"aligncenter size-medium\"><img loading=\"lazy\" decoding=\"async\" width=\"300\" height=\"116\" src=\"https:\/\/falcon-logistic.de\/wordpress\/wp-content\/uploads\/2025\/04\/image-3-300x116.png\" alt=\"\" class=\"wp-image-843\" srcset=\"https:\/\/falcon-logistic.de\/wordpress\/wp-content\/uploads\/2025\/04\/image-3-300x116.png 300w, https:\/\/falcon-logistic.de\/wordpress\/wp-content\/uploads\/2025\/04\/image-3.png 734w\" sizes=\"auto, (max-width: 300px) 100vw, 300px\" \/><\/figure><\/div><\/div>\n\n\n\n<div class=\"wp-block-column is-vertically-aligned-top is-layout-flow wp-block-column-is-layout-flow\" style=\"flex-basis:40%\">\n<p class=\"has-normal-font-size\">Bei uns z\u00e4hlt nur eins: Ihre Zufrieden\u00adheit! Bei welchem Transport k\u00f6nnen wir Sie unterst\u00fctzen?<\/p>\n\n\n\n<p class=\"has-normal-font-size\">Haben Sie noch Fragen oder besondere W\u00fcnsche, was Ihren Logistikauftrag angeht? Wir k\u00fcmmern uns drum! Als Spezialisten f\u00fcr Transporte aller Art freuen wir uns darauf, Ihnen weiterzuhelfen.<\/p>\n\n\n\n<p class=\"has-normal-font-size\">Kontaktieren Sie uns an und wir besprechen Ihre Anforderung pers\u00f6nlich.<\/p>\n<\/div>\n<\/div>\n\n\n\n<div class=\"wp-block-buttons is-content-justification-center is-layout-flex wp-container-core-buttons-is-layout-1 wp-block-buttons-is-layout-flex\">\n<div class=\"wp-block-button animated bounceInDown\"><a class=\"wp-block-button__link has-text-align-left wp-element-button\" href=\"https:\/\/falcon-logistic.de\/wordpress\/index.php\/kontakt\/\">Kontakt<\/a><\/div>\n<\/div>\n<\/div><\/div>\n","protected":false},"excerpt":{"rendered":"<p>Luftfracht mit Falcon \u2013 schnell, global, zuverl\u00e4ssig Ob zeitkritische Ersatzteile, hochwertige G\u00fcter oder komplexe Logistikl\u00f6sungen: Mit unserer langj\u00e4hrigen Expertise in der Luftfracht bringen wir Ihre Waren sicher und termingerecht an jedes Ziel weltweit. Als erfahrener Partner im internationalen Luftverkehr entwickeln wir f\u00fcr jeden Auftrag die optimale Transportl\u00f6sung \u2013 individuell, effizient und auf h\u00f6chstem Qualit\u00e4tsniveau. Warum [&hellip;]<\/p>\n","protected":false},"author":1,"featured_media":0,"parent":190,"menu_order":0,"comment_status":"closed","ping_status":"closed","template":"templates\/template-full-width.php","meta":{"_themeisle_gutenberg_block_has_review":false,"footnotes":""},"class_list":["post-213","page","type-page","status-publish","hentry"],"yoast_head":"<!-- This site is optimized with the Yoast SEO plugin v24.8.1 - https:\/\/yoast.com\/wordpress\/plugins\/seo\/ -->\r\n<title>Luftfracht - Falcon Logistics Solution<\/title>\r\n<meta name=\"robots\" content=\"index, follow, max-snippet:-1, max-image-preview:large, max-video-preview:-1\" \/>\r\n<link rel=\"canonical\" href=\"https:\/\/falcon-logistic.de\/index.php\/leistungen\/luftfracht\/\" \/>\r\n<meta property=\"og:locale\" content=\"de_DE\" \/>\r\n<meta property=\"og:type\" content=\"article\" \/>\r\n<meta property=\"og:title\" content=\"Luftfracht - Falcon Logistics Solution\" \/>\r\n<meta property=\"og:description\" content=\"Luftfracht mit Falcon \u2013 schnell, global, zuverl\u00e4ssig Ob zeitkritische Ersatzteile, hochwertige G\u00fcter oder komplexe Logistikl\u00f6sungen: Mit unserer langj\u00e4hrigen Expertise in der Luftfracht bringen wir Ihre Waren sicher und termingerecht an jedes Ziel weltweit. Als erfahrener Partner im internationalen Luftverkehr entwickeln wir f\u00fcr jeden Auftrag die optimale Transportl\u00f6sung \u2013 individuell, effizient und auf h\u00f6chstem Qualit\u00e4tsniveau. Warum [&hellip;]\" \/>\r\n<meta property=\"og:url\" content=\"https:\/\/falcon-logistic.de\/index.php\/leistungen\/luftfracht\/\" \/>\r\n<meta property=\"og:site_name\" content=\"Falcon Logistics Solution\" \/>\r\n<meta property=\"article:modified_time\" content=\"2025-05-27T20:05:12+00:00\" \/>\r\n<meta property=\"og:image\" content=\"https:\/\/falcon-logistic.de\/wordpress\/wp-content\/uploads\/2025\/04\/Falcon-Logo-1.png\" \/>\r\n\t<meta property=\"og:image:width\" content=\"1756\" \/>\r\n\t<meta property=\"og:image:height\" content=\"417\" \/>\r\n\t<meta property=\"og:image:type\" content=\"image\/png\" \/>\r\n<meta name=\"twitter:card\" content=\"summary_large_image\" \/>\r\n<meta name=\"twitter:label1\" content=\"Gesch\u00e4tzte Lesezeit\" \/>\n\t<meta name=\"twitter:data1\" content=\"2\u00a0Minuten\" \/>\r\n<script type=\"application\/ld+json\" class=\"yoast-schema-graph\">{\"@context\":\"https:\/\/schema.org\",\"@graph\":[{\"@type\":\"WebPage\",\"@id\":\"https:\/\/falcon-logistic.de\/index.php\/leistungen\/luftfracht\/\",\"url\":\"https:\/\/falcon-logistic.de\/index.php\/leistungen\/luftfracht\/\",\"name\":\"Luftfracht - Falcon Logistics Solution\",\"isPartOf\":{\"@id\":\"https:\/\/falcon-logistic.de\/#website\"},\"primaryImageOfPage\":{\"@id\":\"https:\/\/falcon-logistic.de\/index.php\/leistungen\/luftfracht\/#primaryimage\"},\"image\":{\"@id\":\"https:\/\/falcon-logistic.de\/index.php\/leistungen\/luftfracht\/#primaryimage\"},\"thumbnailUrl\":\"https:\/\/falcon-logistic.de\/wordpress\/wp-content\/uploads\/2025\/04\/Falcon-Logo-1-1024x243.png\",\"datePublished\":\"2025-04-07T07:31:56+00:00\",\"dateModified\":\"2025-05-27T20:05:12+00:00\",\"breadcrumb\":{\"@id\":\"https:\/\/falcon-logistic.de\/index.php\/leistungen\/luftfracht\/#breadcrumb\"},\"inLanguage\":\"de\",\"potentialAction\":[{\"@type\":\"ReadAction\",\"target\":[\"https:\/\/falcon-logistic.de\/index.php\/leistungen\/luftfracht\/\"]}]},{\"@type\":\"ImageObject\",\"inLanguage\":\"de\",\"@id\":\"https:\/\/falcon-logistic.de\/index.php\/leistungen\/luftfracht\/#primaryimage\",\"url\":\"https:\/\/falcon-logistic.de\/wordpress\/wp-content\/uploads\/2025\/04\/Falcon-Logo-1.png\",\"contentUrl\":\"https:\/\/falcon-logistic.de\/wordpress\/wp-content\/uploads\/2025\/04\/Falcon-Logo-1.png\",\"width\":1756,\"height\":417},{\"@type\":\"BreadcrumbList\",\"@id\":\"https:\/\/falcon-logistic.de\/index.php\/leistungen\/luftfracht\/#breadcrumb\",\"itemListElement\":[{\"@type\":\"ListItem\",\"position\":1,\"name\":\"Startseite\",\"item\":\"https:\/\/falcon-logistic.de\/\"},{\"@type\":\"ListItem\",\"position\":2,\"name\":\"Leistungen\",\"item\":\"https:\/\/falcon-logistic.de\/index.php\/leistungen\/\"},{\"@type\":\"ListItem\",\"position\":3,\"name\":\"Luftfracht\"}]},{\"@type\":\"WebSite\",\"@id\":\"https:\/\/falcon-logistic.de\/#website\",\"url\":\"https:\/\/falcon-logistic.de\/\",\"name\":\"Falcon Logistics Solution\",\"description\":\"\",\"publisher\":{\"@id\":\"https:\/\/falcon-logistic.de\/#organization\"},\"potentialAction\":[{\"@type\":\"SearchAction\",\"target\":{\"@type\":\"EntryPoint\",\"urlTemplate\":\"https:\/\/falcon-logistic.de\/?s={search_term_string}\"},\"query-input\":{\"@type\":\"PropertyValueSpecification\",\"valueRequired\":true,\"valueName\":\"search_term_string\"}}],\"inLanguage\":\"de\"},{\"@type\":\"Organization\",\"@id\":\"https:\/\/falcon-logistic.de\/#organization\",\"name\":\"Falcon Logistics Solution\",\"url\":\"https:\/\/falcon-logistic.de\/\",\"logo\":{\"@type\":\"ImageObject\",\"inLanguage\":\"de\",\"@id\":\"https:\/\/falcon-logistic.de\/#\/schema\/logo\/image\/\",\"url\":\"https:\/\/falcon-logistic.de\/wordpress\/wp-content\/uploads\/2025\/04\/cropped-Falcon-Logo.png\",\"contentUrl\":\"https:\/\/falcon-logistic.de\/wordpress\/wp-content\/uploads\/2025\/04\/cropped-Falcon-Logo.png\",\"width\":1756,\"height\":417,\"caption\":\"Falcon Logistics Solution\"},\"image\":{\"@id\":\"https:\/\/falcon-logistic.de\/#\/schema\/logo\/image\/\"}}]}<\/script>\r\n<!-- \/ Yoast SEO plugin. -->","yoast_head_json":{"title":"Luftfracht - Falcon Logistics Solution","robots":{"index":"index","follow":"follow","max-snippet":"max-snippet:-1","max-image-preview":"max-image-preview:large","max-video-preview":"max-video-preview:-1"},"canonical":"https:\/\/falcon-logistic.de\/index.php\/leistungen\/luftfracht\/","og_locale":"de_DE","og_type":"article","og_title":"Luftfracht - Falcon Logistics Solution","og_description":"Luftfracht mit Falcon \u2013 schnell, global, zuverl\u00e4ssig Ob zeitkritische Ersatzteile, hochwertige G\u00fcter oder komplexe Logistikl\u00f6sungen: Mit unserer langj\u00e4hrigen Expertise in der Luftfracht bringen wir Ihre Waren sicher und termingerecht an jedes Ziel weltweit. Als erfahrener Partner im internationalen Luftverkehr entwickeln wir f\u00fcr jeden Auftrag die optimale Transportl\u00f6sung \u2013 individuell, effizient und auf h\u00f6chstem Qualit\u00e4tsniveau. Warum [&hellip;]","og_url":"https:\/\/falcon-logistic.de\/index.php\/leistungen\/luftfracht\/","og_site_name":"Falcon Logistics Solution","article_modified_time":"2025-05-27T20:05:12+00:00","og_image":[{"width":1756,"height":417,"url":"https:\/\/falcon-logistic.de\/wordpress\/wp-content\/uploads\/2025\/04\/Falcon-Logo-1.png","type":"image\/png"}],"twitter_card":"summary_large_image","twitter_misc":{"Gesch\u00e4tzte Lesezeit":"2\u00a0Minuten"},"schema":{"@context":"https:\/\/schema.org","@graph":[{"@type":"WebPage","@id":"https:\/\/falcon-logistic.de\/index.php\/leistungen\/luftfracht\/","url":"https:\/\/falcon-logistic.de\/index.php\/leistungen\/luftfracht\/","name":"Luftfracht - Falcon Logistics Solution","isPartOf":{"@id":"https:\/\/falcon-logistic.de\/#website"},"primaryImageOfPage":{"@id":"https:\/\/falcon-logistic.de\/index.php\/leistungen\/luftfracht\/#primaryimage"},"image":{"@id":"https:\/\/falcon-logistic.de\/index.php\/leistungen\/luftfracht\/#primaryimage"},"thumbnailUrl":"https:\/\/falcon-logistic.de\/wordpress\/wp-content\/uploads\/2025\/04\/Falcon-Logo-1-1024x243.png","datePublished":"2025-04-07T07:31:56+00:00","dateModified":"2025-05-27T20:05:12+00:00","breadcrumb":{"@id":"https:\/\/falcon-logistic.de\/index.php\/leistungen\/luftfracht\/#breadcrumb"},"inLanguage":"de","potentialAction":[{"@type":"ReadAction","target":["https:\/\/falcon-logistic.de\/index.php\/leistungen\/luftfracht\/"]}]},{"@type":"ImageObject","inLanguage":"de","@id":"https:\/\/falcon-logistic.de\/index.php\/leistungen\/luftfracht\/#primaryimage","url":"https:\/\/falcon-logistic.de\/wordpress\/wp-content\/uploads\/2025\/04\/Falcon-Logo-1.png","contentUrl":"https:\/\/falcon-logistic.de\/wordpress\/wp-content\/uploads\/2025\/04\/Falcon-Logo-1.png","width":1756,"height":417},{"@type":"BreadcrumbList","@id":"https:\/\/falcon-logistic.de\/index.php\/leistungen\/luftfracht\/#breadcrumb","itemListElement":[{"@type":"ListItem","position":1,"name":"Startseite","item":"https:\/\/falcon-logistic.de\/"},{"@type":"ListItem","position":2,"name":"Leistungen","item":"https:\/\/falcon-logistic.de\/index.php\/leistungen\/"},{"@type":"ListItem","position":3,"name":"Luftfracht"}]},{"@type":"WebSite","@id":"https:\/\/falcon-logistic.de\/#website","url":"https:\/\/falcon-logistic.de\/","name":"Falcon Logistics Solution","description":"","publisher":{"@id":"https:\/\/falcon-logistic.de\/#organization"},"potentialAction":[{"@type":"SearchAction","target":{"@type":"EntryPoint","urlTemplate":"https:\/\/falcon-logistic.de\/?s={search_term_string}"},"query-input":{"@type":"PropertyValueSpecification","valueRequired":true,"valueName":"search_term_string"}}],"inLanguage":"de"},{"@type":"Organization","@id":"https:\/\/falcon-logistic.de\/#organization","name":"Falcon Logistics Solution","url":"https:\/\/falcon-logistic.de\/","logo":{"@type":"ImageObject","inLanguage":"de","@id":"https:\/\/falcon-logistic.de\/#\/schema\/logo\/image\/","url":"https:\/\/falcon-logistic.de\/wordpress\/wp-content\/uploads\/2025\/04\/cropped-Falcon-Logo.png","contentUrl":"https:\/\/falcon-logistic.de\/wordpress\/wp-content\/uploads\/2025\/04\/cropped-Falcon-Logo.png","width":1756,"height":417,"caption":"Falcon Logistics Solution"},"image":{"@id":"https:\/\/falcon-logistic.de\/#\/schema\/logo\/image\/"}}]}},"jetpack_sharing_enabled":true,"_links":{"self":[{"href":"https:\/\/falcon-logistic.de\/index.php\/wp-json\/wp\/v2\/pages\/213","targetHints":{"allow":["GET"]}}],"collection":[{"href":"https:\/\/falcon-logistic.de\/index.php\/wp-json\/wp\/v2\/pages"}],"about":[{"href":"https:\/\/falcon-logistic.de\/index.php\/wp-json\/wp\/v2\/types\/page"}],"author":[{"embeddable":true,"href":"https:\/\/falcon-logistic.de\/index.php\/wp-json\/wp\/v2\/users\/1"}],"replies":[{"embeddable":true,"href":"https:\/\/falcon-logistic.de\/index.php\/wp-json\/wp\/v2\/comments?post=213"}],"version-history":[{"count":17,"href":"https:\/\/falcon-logistic.de\/index.php\/wp-json\/wp\/v2\/pages\/213\/revisions"}],"predecessor-version":[{"id":1334,"href":"https:\/\/falcon-logistic.de\/index.php\/wp-json\/wp\/v2\/pages\/213\/revisions\/1334"}],"up":[{"embeddable":true,"href":"https:\/\/falcon-logistic.de\/index.php\/wp-json\/wp\/v2\/pages\/190"}],"wp:attachment":[{"href":"https:\/\/falcon-logistic.de\/index.php\/wp-json\/wp\/v2\/media?parent=213"}],"curies":[{"name":"wp","href":"https:\/\/api.w.org\/{rel}","templated":true}]}}