{"id":205,"date":"2025-04-07T07:08:25","date_gmt":"2025-04-07T07:08:25","guid":{"rendered":"https:\/\/falcon-logistic.de\/wordpress\/?page_id=205"},"modified":"2025-05-27T21:09:19","modified_gmt":"2025-05-27T19:09:19","slug":"trailergestellung","status":"publish","type":"page","link":"https:\/\/falcon-logistic.de\/index.php\/leistungen\/trailergestellung\/","title":{"rendered":"Trailergestellung"},"content":{"rendered":"\n<div class=\"wp-block-cover alignfull has-custom-content-position is-position-top-left o-anim-hover wp-duotone-unset-1\" style=\"min-height:600px;aspect-ratio:unset;\"><span aria-hidden=\"true\" class=\"wp-block-cover__background has-primary-background-color has-background-dim-40 has-background-dim\"><\/span><img loading=\"lazy\" decoding=\"async\" width=\"1600\" height=\"1200\" class=\"wp-block-cover__image-background wp-image-1145\" alt=\"\" src=\"https:\/\/falcon-logistic.de\/wordpress\/wp-content\/uploads\/2025\/05\/WhatsApp-Image-2025-04-23-at-11.51.30.jpeg\" style=\"object-position:0% 45%\" data-object-fit=\"cover\" data-object-position=\"0% 45%\" srcset=\"https:\/\/falcon-logistic.de\/wordpress\/wp-content\/uploads\/2025\/05\/WhatsApp-Image-2025-04-23-at-11.51.30.jpeg 1600w, https:\/\/falcon-logistic.de\/wordpress\/wp-content\/uploads\/2025\/05\/WhatsApp-Image-2025-04-23-at-11.51.30-300x225.jpeg 300w, https:\/\/falcon-logistic.de\/wordpress\/wp-content\/uploads\/2025\/05\/WhatsApp-Image-2025-04-23-at-11.51.30-1024x768.jpeg 1024w, https:\/\/falcon-logistic.de\/wordpress\/wp-content\/uploads\/2025\/05\/WhatsApp-Image-2025-04-23-at-11.51.30-768x576.jpeg 768w, https:\/\/falcon-logistic.de\/wordpress\/wp-content\/uploads\/2025\/05\/WhatsApp-Image-2025-04-23-at-11.51.30-1536x1152.jpeg 1536w, https:\/\/falcon-logistic.de\/wordpress\/wp-content\/uploads\/2025\/05\/WhatsApp-Image-2025-04-23-at-11.51.30-1200x900.jpeg 1200w\" sizes=\"auto, (max-width: 1600px) 100vw, 1600px\" \/><div class=\"wp-block-cover__inner-container is-layout-flow wp-block-cover-is-layout-flow\">\n<h2 class=\"wp-block-heading alignfull o-typing-delay-1s o-typing-fast has-text-color\" style=\"color:#f4d589;font-size:60px;letter-spacing:-5px\"><o-anim-typing>Wir stellen den Trailer, <br>Sie laden in Ihrem Takt.<\/o-anim-typing><\/h2>\n\n\n\n<div class=\"wp-block-columns alignwide is-layout-flex wp-container-core-columns-is-layout-1 wp-block-columns-is-layout-flex\">\n<div class=\"wp-block-column is-layout-flow wp-block-column-is-layout-flow\" style=\"flex-basis:55%\">\n<div style=\"height:207px\" aria-hidden=\"true\" class=\"wp-block-spacer\"><\/div>\n<\/div>\n\n\n\n<div class=\"wp-block-column is-layout-flow wp-block-column-is-layout-flow\">\n<div style=\"height:284px\" aria-hidden=\"true\" class=\"wp-block-spacer\"><\/div>\n<\/div>\n<\/div>\n<\/div><\/div>\n\n\n\n<p>Eine durchdachte Transport- &amp; Logistikplanung ist Ausgangsgrundlage f\u00fcr jedes erfolgreiche Logistikprojekt und sorgt unter anderem daf\u00fcr, dass Einsparpotenziale identifiziert und Materialfl\u00fcsse optimiert werden.<\/p>\n\n\n\n<p>Im Rahmen unserer Logistikkonzepte bieten wir Ihnen ebenfalls die M\u00f6glichkeit Trailer \u00fcber einen gewissen Zeitraum anzumieten, um Transporte aller Art zeitgerecht und immer stets mit dem neusten Equipment durchzuf\u00fchren.<\/p>\n\n\n\n<p>Hierbei sind Sie nicht an feste Laufzeiten oder Mieten mit aufw\u00e4ndigen Prozessen gebunden. Im Rahmen Ihrer Projekte oder unserer Partnerschaft planen &amp; bieten wir einen flexibles &amp; leistungsgerechtes Produkt das auf Ihr SCM zugeschnitten ist.<\/p>\n\n\n\n<p>Unsere Trailertypen in \u00dcbersicht:<\/p>\n\n\n\n<ul class=\"wp-block-list\">\n<li>Standard Tautliner<\/li>\n\n\n\n<li>Mega-Trailer \/ Mega-Coil Trailer<\/li>\n\n\n\n<li>Coil-Trailer in Leichtbauweise mit 27to. Zuladung<\/li>\n\n\n\n<li>Joloda Trailer<\/li>\n\n\n\n<li>Koffer &amp; Frigo Trailer mit Doppelstockm\u00f6glichkeit<\/li>\n<\/ul>\n\n\n\n<div id=\"wp-block-themeisle-blocks-slider-80544796\" class=\"wp-block-themeisle-blocks-slider alignfull glide animated fadeIn delay-500ms\" data-per-view=\"2\" data-gap=\"8\" data-peek=\"100\" data-autoplay=\"true\" data-height=\"400px\" data-hide-arrows=\"false\"><div class=\"glide__track\" data-glide-el=\"track\"><div class=\"glide__slides\"><div class=\"wp-block-themeisle-blocks-slider-item-wrapper glide__slide\" tabindex=\"0\"><figure><img decoding=\"async\" class=\"wp-block-themeisle-blocks-slider-item\" src=\"https:\/\/falcon-logistic.de\/wordpress\/wp-content\/uploads\/2025\/05\/WhatsApp-Image-2025-04-23-at-11.50.23-1.jpeg\" alt=\"\" title=\"\" data-id=\"1146\"\/><\/figure><\/div><div class=\"wp-block-themeisle-blocks-slider-item-wrapper glide__slide\" tabindex=\"0\"><figure><img decoding=\"async\" class=\"wp-block-themeisle-blocks-slider-item\" src=\"https:\/\/falcon-logistic.de\/wordpress\/wp-content\/uploads\/2025\/05\/WhatsApp-Image-2025-04-23-at-11.51.30.jpeg\" alt=\"\" title=\"\" data-id=\"1145\"\/><\/figure><\/div><div class=\"wp-block-themeisle-blocks-slider-item-wrapper glide__slide\" tabindex=\"0\"><figure><img decoding=\"async\" class=\"wp-block-themeisle-blocks-slider-item\" src=\"https:\/\/falcon-logistic.de\/wordpress\/wp-content\/uploads\/2025\/05\/WhatsApp-Image-2025-04-23-at-11.51.30-3.jpeg\" alt=\"\" title=\"\" data-id=\"1287\"\/><\/figure><\/div><div class=\"wp-block-themeisle-blocks-slider-item-wrapper glide__slide\" tabindex=\"0\"><figure><img decoding=\"async\" class=\"wp-block-themeisle-blocks-slider-item\" src=\"https:\/\/falcon-logistic.de\/wordpress\/wp-content\/uploads\/2025\/05\/WhatsApp-Image-2025-04-23-at-11.51.30-2.jpeg\" alt=\"\" title=\"\" data-id=\"1288\"\/><\/figure><\/div><div class=\"wp-block-themeisle-blocks-slider-item-wrapper glide__slide\" tabindex=\"0\"><figure><img decoding=\"async\" class=\"wp-block-themeisle-blocks-slider-item\" src=\"https:\/\/falcon-logistic.de\/wordpress\/wp-content\/uploads\/2025\/05\/WhatsApp-Image-2025-04-23-at-11.51.30-1.jpeg\" alt=\"\" title=\"\" data-id=\"1289\"\/><\/figure><\/div><div class=\"wp-block-themeisle-blocks-slider-item-wrapper glide__slide\" tabindex=\"0\"><figure><img decoding=\"async\" class=\"wp-block-themeisle-blocks-slider-item\" src=\"https:\/\/falcon-logistic.de\/wordpress\/wp-content\/uploads\/2025\/05\/WhatsApp-Image-2025-04-23-at-11.49.16.jpeg\" alt=\"\" title=\"\" data-id=\"1290\"\/><\/figure><\/div><div class=\"wp-block-themeisle-blocks-slider-item-wrapper glide__slide\" tabindex=\"0\"><figure><img decoding=\"async\" class=\"wp-block-themeisle-blocks-slider-item\" src=\"https:\/\/falcon-logistic.de\/wordpress\/wp-content\/uploads\/2025\/05\/WhatsApp-Image-2025-04-23-at-11.50.23-1-1.jpeg\" alt=\"\" title=\"\" data-id=\"1291\"\/><\/figure><\/div><\/div><div class=\"glide__bullets\" data-glide-el=\"controls[nav]\"><button class=\"glide__bullet\" data-glide-dir=\"=0\"><\/button><button class=\"glide__bullet\" data-glide-dir=\"=1\"><\/button><button class=\"glide__bullet\" data-glide-dir=\"=2\"><\/button><button class=\"glide__bullet\" data-glide-dir=\"=3\"><\/button><button class=\"glide__bullet\" data-glide-dir=\"=4\"><\/button><button class=\"glide__bullet\" data-glide-dir=\"=5\"><\/button><button class=\"glide__bullet\" data-glide-dir=\"=6\"><\/button><\/div><\/div><\/div>\n\n\n\n<div class=\"wp-block-group alignfull has-primary-background-color has-background\"><div class=\"wp-block-group__inner-container is-layout-flow wp-block-group-is-layout-flow\">\n<div class=\"wp-block-columns alignwide are-vertically-aligned-top is-layout-flex wp-container-core-columns-is-layout-2 wp-block-columns-is-layout-flex\">\n<div class=\"wp-block-column is-vertically-aligned-top is-content-justification-left is-layout-constrained wp-container-core-column-is-layout-3 wp-block-column-is-layout-constrained\">\n<figure class=\"wp-block-image size-large animated slideInLeft\"><img loading=\"lazy\" decoding=\"async\" width=\"1024\" height=\"243\" src=\"https:\/\/falcon-logistic.de\/wordpress\/wp-content\/uploads\/2025\/04\/Falcon-Logo-1-1024x243.png\" alt=\"\" class=\"wp-image-598\" srcset=\"https:\/\/falcon-logistic.de\/wordpress\/wp-content\/uploads\/2025\/04\/Falcon-Logo-1-1024x243.png 1024w, https:\/\/falcon-logistic.de\/wordpress\/wp-content\/uploads\/2025\/04\/Falcon-Logo-1-300x71.png 300w, https:\/\/falcon-logistic.de\/wordpress\/wp-content\/uploads\/2025\/04\/Falcon-Logo-1-768x182.png 768w, https:\/\/falcon-logistic.de\/wordpress\/wp-content\/uploads\/2025\/04\/Falcon-Logo-1-1536x365.png 1536w, https:\/\/falcon-logistic.de\/wordpress\/wp-content\/uploads\/2025\/04\/Falcon-Logo-1-1200x285.png 1200w, https:\/\/falcon-logistic.de\/wordpress\/wp-content\/uploads\/2025\/04\/Falcon-Logo-1.png 1756w\" sizes=\"auto, (max-width: 1024px) 100vw, 1024px\" \/><\/figure>\n\n\n<div class=\"wp-block-image animated fadeIn delay-2s slower wp-duotone-grayscale\">\n<figure class=\"aligncenter size-medium\"><img loading=\"lazy\" decoding=\"async\" width=\"300\" height=\"116\" src=\"https:\/\/falcon-logistic.de\/wordpress\/wp-content\/uploads\/2025\/04\/image-3-300x116.png\" alt=\"\" class=\"wp-image-843\" srcset=\"https:\/\/falcon-logistic.de\/wordpress\/wp-content\/uploads\/2025\/04\/image-3-300x116.png 300w, https:\/\/falcon-logistic.de\/wordpress\/wp-content\/uploads\/2025\/04\/image-3.png 734w\" sizes=\"auto, (max-width: 300px) 100vw, 300px\" \/><\/figure><\/div><\/div>\n\n\n\n<div class=\"wp-block-column is-vertically-aligned-top is-layout-flow wp-block-column-is-layout-flow\" style=\"flex-basis:40%\">\n<p class=\"has-normal-font-size\">Bei uns z\u00e4hlt nur eins: Ihre Zufrieden\u00adheit! Bei welchem Transport k\u00f6nnen wir Sie unterst\u00fctzen?<\/p>\n\n\n\n<p class=\"has-normal-font-size\">Haben Sie noch Fragen oder besondere W\u00fcnsche, was Ihren Logistikauftrag angeht? Wir k\u00fcmmern uns drum! Als Spezialisten f\u00fcr Transporte aller Art freuen wir uns darauf, Ihnen weiterzuhelfen.<\/p>\n\n\n\n<p class=\"has-normal-font-size\">Kontaktieren Sie uns an und wir besprechen Ihre Anforderung pers\u00f6nlich.<\/p>\n<\/div>\n<\/div>\n\n\n\n<div class=\"wp-block-buttons is-content-justification-center is-layout-flex wp-container-core-buttons-is-layout-1 wp-block-buttons-is-layout-flex\">\n<div class=\"wp-block-button animated bounceInDown\"><a class=\"wp-block-button__link has-text-align-left wp-element-button\" href=\"https:\/\/falcon-logistic.de\/wordpress\/index.php\/kontakt\/\">Kontakt<\/a><\/div>\n<\/div>\n<\/div><\/div>\n","protected":false},"excerpt":{"rendered":"<p>Eine durchdachte Transport- &amp; Logistikplanung ist Ausgangsgrundlage f\u00fcr jedes erfolgreiche Logistikprojekt und sorgt unter anderem daf\u00fcr, dass Einsparpotenziale identifiziert und Materialfl\u00fcsse optimiert werden. Im Rahmen unserer Logistikkonzepte bieten wir Ihnen ebenfalls die M\u00f6glichkeit Trailer \u00fcber einen gewissen Zeitraum anzumieten, um Transporte aller Art zeitgerecht und immer stets mit dem neusten Equipment durchzuf\u00fchren. Hierbei sind Sie [&hellip;]<\/p>\n","protected":false},"author":1,"featured_media":0,"parent":190,"menu_order":0,"comment_status":"closed","ping_status":"closed","template":"templates\/template-full-width.php","meta":{"_themeisle_gutenberg_block_has_review":false,"footnotes":""},"class_list":["post-205","page","type-page","status-publish","hentry"],"yoast_head":"<!-- This site is optimized with the Yoast SEO plugin v24.8.1 - https:\/\/yoast.com\/wordpress\/plugins\/seo\/ -->\r\n<title>Trailergestellung - Falcon Logistics Solution<\/title>\r\n<meta name=\"robots\" content=\"index, follow, max-snippet:-1, max-image-preview:large, max-video-preview:-1\" \/>\r\n<link rel=\"canonical\" href=\"https:\/\/falcon-logistic.de\/index.php\/leistungen\/trailergestellung\/\" \/>\r\n<meta property=\"og:locale\" content=\"de_DE\" \/>\r\n<meta property=\"og:type\" content=\"article\" \/>\r\n<meta property=\"og:title\" content=\"Trailergestellung - Falcon Logistics Solution\" \/>\r\n<meta property=\"og:description\" content=\"Eine durchdachte Transport- &amp; Logistikplanung ist Ausgangsgrundlage f\u00fcr jedes erfolgreiche Logistikprojekt und sorgt unter anderem daf\u00fcr, dass Einsparpotenziale identifiziert und Materialfl\u00fcsse optimiert werden. Im Rahmen unserer Logistikkonzepte bieten wir Ihnen ebenfalls die M\u00f6glichkeit Trailer \u00fcber einen gewissen Zeitraum anzumieten, um Transporte aller Art zeitgerecht und immer stets mit dem neusten Equipment durchzuf\u00fchren. Hierbei sind Sie [&hellip;]\" \/>\r\n<meta property=\"og:url\" content=\"https:\/\/falcon-logistic.de\/index.php\/leistungen\/trailergestellung\/\" \/>\r\n<meta property=\"og:site_name\" content=\"Falcon Logistics Solution\" \/>\r\n<meta property=\"article:modified_time\" content=\"2025-05-27T19:09:19+00:00\" \/>\r\n<meta property=\"og:image\" content=\"https:\/\/falcon-logistic.de\/wordpress\/wp-content\/uploads\/2025\/05\/WhatsApp-Image-2025-04-23-at-11.51.30.jpeg\" \/>\r\n<meta name=\"twitter:card\" content=\"summary_large_image\" \/>\r\n<meta name=\"twitter:label1\" content=\"Gesch\u00e4tzte Lesezeit\" \/>\n\t<meta name=\"twitter:data1\" content=\"3\u00a0Minuten\" \/>\r\n<script type=\"application\/ld+json\" class=\"yoast-schema-graph\">{\"@context\":\"https:\/\/schema.org\",\"@graph\":[{\"@type\":\"WebPage\",\"@id\":\"https:\/\/falcon-logistic.de\/index.php\/leistungen\/trailergestellung\/\",\"url\":\"https:\/\/falcon-logistic.de\/index.php\/leistungen\/trailergestellung\/\",\"name\":\"Trailergestellung - Falcon Logistics Solution\",\"isPartOf\":{\"@id\":\"https:\/\/falcon-logistic.de\/#website\"},\"primaryImageOfPage\":{\"@id\":\"https:\/\/falcon-logistic.de\/index.php\/leistungen\/trailergestellung\/#primaryimage\"},\"image\":{\"@id\":\"https:\/\/falcon-logistic.de\/index.php\/leistungen\/trailergestellung\/#primaryimage\"},\"thumbnailUrl\":\"https:\/\/falcon-logistic.de\/wordpress\/wp-content\/uploads\/2025\/05\/WhatsApp-Image-2025-04-23-at-11.51.30.jpeg\",\"datePublished\":\"2025-04-07T07:08:25+00:00\",\"dateModified\":\"2025-05-27T19:09:19+00:00\",\"breadcrumb\":{\"@id\":\"https:\/\/falcon-logistic.de\/index.php\/leistungen\/trailergestellung\/#breadcrumb\"},\"inLanguage\":\"de\",\"potentialAction\":[{\"@type\":\"ReadAction\",\"target\":[\"https:\/\/falcon-logistic.de\/index.php\/leistungen\/trailergestellung\/\"]}]},{\"@type\":\"ImageObject\",\"inLanguage\":\"de\",\"@id\":\"https:\/\/falcon-logistic.de\/index.php\/leistungen\/trailergestellung\/#primaryimage\",\"url\":\"https:\/\/falcon-logistic.de\/wordpress\/wp-content\/uploads\/2025\/05\/WhatsApp-Image-2025-04-23-at-11.51.30.jpeg\",\"contentUrl\":\"https:\/\/falcon-logistic.de\/wordpress\/wp-content\/uploads\/2025\/05\/WhatsApp-Image-2025-04-23-at-11.51.30.jpeg\",\"width\":1600,\"height\":1200},{\"@type\":\"BreadcrumbList\",\"@id\":\"https:\/\/falcon-logistic.de\/index.php\/leistungen\/trailergestellung\/#breadcrumb\",\"itemListElement\":[{\"@type\":\"ListItem\",\"position\":1,\"name\":\"Startseite\",\"item\":\"https:\/\/falcon-logistic.de\/\"},{\"@type\":\"ListItem\",\"position\":2,\"name\":\"Leistungen\",\"item\":\"https:\/\/falcon-logistic.de\/index.php\/leistungen\/\"},{\"@type\":\"ListItem\",\"position\":3,\"name\":\"Trailergestellung\"}]},{\"@type\":\"WebSite\",\"@id\":\"https:\/\/falcon-logistic.de\/#website\",\"url\":\"https:\/\/falcon-logistic.de\/\",\"name\":\"Falcon Logistics Solution\",\"description\":\"\",\"publisher\":{\"@id\":\"https:\/\/falcon-logistic.de\/#organization\"},\"potentialAction\":[{\"@type\":\"SearchAction\",\"target\":{\"@type\":\"EntryPoint\",\"urlTemplate\":\"https:\/\/falcon-logistic.de\/?s={search_term_string}\"},\"query-input\":{\"@type\":\"PropertyValueSpecification\",\"valueRequired\":true,\"valueName\":\"search_term_string\"}}],\"inLanguage\":\"de\"},{\"@type\":\"Organization\",\"@id\":\"https:\/\/falcon-logistic.de\/#organization\",\"name\":\"Falcon Logistics Solution\",\"url\":\"https:\/\/falcon-logistic.de\/\",\"logo\":{\"@type\":\"ImageObject\",\"inLanguage\":\"de\",\"@id\":\"https:\/\/falcon-logistic.de\/#\/schema\/logo\/image\/\",\"url\":\"https:\/\/falcon-logistic.de\/wordpress\/wp-content\/uploads\/2025\/04\/cropped-Falcon-Logo.png\",\"contentUrl\":\"https:\/\/falcon-logistic.de\/wordpress\/wp-content\/uploads\/2025\/04\/cropped-Falcon-Logo.png\",\"width\":1756,\"height\":417,\"caption\":\"Falcon Logistics Solution\"},\"image\":{\"@id\":\"https:\/\/falcon-logistic.de\/#\/schema\/logo\/image\/\"}}]}<\/script>\r\n<!-- \/ Yoast SEO plugin. -->","yoast_head_json":{"title":"Trailergestellung - Falcon Logistics Solution","robots":{"index":"index","follow":"follow","max-snippet":"max-snippet:-1","max-image-preview":"max-image-preview:large","max-video-preview":"max-video-preview:-1"},"canonical":"https:\/\/falcon-logistic.de\/index.php\/leistungen\/trailergestellung\/","og_locale":"de_DE","og_type":"article","og_title":"Trailergestellung - Falcon Logistics Solution","og_description":"Eine durchdachte Transport- &amp; Logistikplanung ist Ausgangsgrundlage f\u00fcr jedes erfolgreiche Logistikprojekt und sorgt unter anderem daf\u00fcr, dass Einsparpotenziale identifiziert und Materialfl\u00fcsse optimiert werden. Im Rahmen unserer Logistikkonzepte bieten wir Ihnen ebenfalls die M\u00f6glichkeit Trailer \u00fcber einen gewissen Zeitraum anzumieten, um Transporte aller Art zeitgerecht und immer stets mit dem neusten Equipment durchzuf\u00fchren. Hierbei sind Sie [&hellip;]","og_url":"https:\/\/falcon-logistic.de\/index.php\/leistungen\/trailergestellung\/","og_site_name":"Falcon Logistics Solution","article_modified_time":"2025-05-27T19:09:19+00:00","og_image":[{"url":"https:\/\/falcon-logistic.de\/wordpress\/wp-content\/uploads\/2025\/05\/WhatsApp-Image-2025-04-23-at-11.51.30.jpeg","type":"","width":"","height":""}],"twitter_card":"summary_large_image","twitter_misc":{"Gesch\u00e4tzte Lesezeit":"3\u00a0Minuten"},"schema":{"@context":"https:\/\/schema.org","@graph":[{"@type":"WebPage","@id":"https:\/\/falcon-logistic.de\/index.php\/leistungen\/trailergestellung\/","url":"https:\/\/falcon-logistic.de\/index.php\/leistungen\/trailergestellung\/","name":"Trailergestellung - Falcon Logistics Solution","isPartOf":{"@id":"https:\/\/falcon-logistic.de\/#website"},"primaryImageOfPage":{"@id":"https:\/\/falcon-logistic.de\/index.php\/leistungen\/trailergestellung\/#primaryimage"},"image":{"@id":"https:\/\/falcon-logistic.de\/index.php\/leistungen\/trailergestellung\/#primaryimage"},"thumbnailUrl":"https:\/\/falcon-logistic.de\/wordpress\/wp-content\/uploads\/2025\/05\/WhatsApp-Image-2025-04-23-at-11.51.30.jpeg","datePublished":"2025-04-07T07:08:25+00:00","dateModified":"2025-05-27T19:09:19+00:00","breadcrumb":{"@id":"https:\/\/falcon-logistic.de\/index.php\/leistungen\/trailergestellung\/#breadcrumb"},"inLanguage":"de","potentialAction":[{"@type":"ReadAction","target":["https:\/\/falcon-logistic.de\/index.php\/leistungen\/trailergestellung\/"]}]},{"@type":"ImageObject","inLanguage":"de","@id":"https:\/\/falcon-logistic.de\/index.php\/leistungen\/trailergestellung\/#primaryimage","url":"https:\/\/falcon-logistic.de\/wordpress\/wp-content\/uploads\/2025\/05\/WhatsApp-Image-2025-04-23-at-11.51.30.jpeg","contentUrl":"https:\/\/falcon-logistic.de\/wordpress\/wp-content\/uploads\/2025\/05\/WhatsApp-Image-2025-04-23-at-11.51.30.jpeg","width":1600,"height":1200},{"@type":"BreadcrumbList","@id":"https:\/\/falcon-logistic.de\/index.php\/leistungen\/trailergestellung\/#breadcrumb","itemListElement":[{"@type":"ListItem","position":1,"name":"Startseite","item":"https:\/\/falcon-logistic.de\/"},{"@type":"ListItem","position":2,"name":"Leistungen","item":"https:\/\/falcon-logistic.de\/index.php\/leistungen\/"},{"@type":"ListItem","position":3,"name":"Trailergestellung"}]},{"@type":"WebSite","@id":"https:\/\/falcon-logistic.de\/#website","url":"https:\/\/falcon-logistic.de\/","name":"Falcon Logistics Solution","description":"","publisher":{"@id":"https:\/\/falcon-logistic.de\/#organization"},"potentialAction":[{"@type":"SearchAction","target":{"@type":"EntryPoint","urlTemplate":"https:\/\/falcon-logistic.de\/?s={search_term_string}"},"query-input":{"@type":"PropertyValueSpecification","valueRequired":true,"valueName":"search_term_string"}}],"inLanguage":"de"},{"@type":"Organization","@id":"https:\/\/falcon-logistic.de\/#organization","name":"Falcon Logistics Solution","url":"https:\/\/falcon-logistic.de\/","logo":{"@type":"ImageObject","inLanguage":"de","@id":"https:\/\/falcon-logistic.de\/#\/schema\/logo\/image\/","url":"https:\/\/falcon-logistic.de\/wordpress\/wp-content\/uploads\/2025\/04\/cropped-Falcon-Logo.png","contentUrl":"https:\/\/falcon-logistic.de\/wordpress\/wp-content\/uploads\/2025\/04\/cropped-Falcon-Logo.png","width":1756,"height":417,"caption":"Falcon Logistics Solution"},"image":{"@id":"https:\/\/falcon-logistic.de\/#\/schema\/logo\/image\/"}}]}},"jetpack_sharing_enabled":true,"_links":{"self":[{"href":"https:\/\/falcon-logistic.de\/index.php\/wp-json\/wp\/v2\/pages\/205","targetHints":{"allow":["GET"]}}],"collection":[{"href":"https:\/\/falcon-logistic.de\/index.php\/wp-json\/wp\/v2\/pages"}],"about":[{"href":"https:\/\/falcon-logistic.de\/index.php\/wp-json\/wp\/v2\/types\/page"}],"author":[{"embeddable":true,"href":"https:\/\/falcon-logistic.de\/index.php\/wp-json\/wp\/v2\/users\/1"}],"replies":[{"embeddable":true,"href":"https:\/\/falcon-logistic.de\/index.php\/wp-json\/wp\/v2\/comments?post=205"}],"version-history":[{"count":13,"href":"https:\/\/falcon-logistic.de\/index.php\/wp-json\/wp\/v2\/pages\/205\/revisions"}],"predecessor-version":[{"id":1294,"href":"https:\/\/falcon-logistic.de\/index.php\/wp-json\/wp\/v2\/pages\/205\/revisions\/1294"}],"up":[{"embeddable":true,"href":"https:\/\/falcon-logistic.de\/index.php\/wp-json\/wp\/v2\/pages\/190"}],"wp:attachment":[{"href":"https:\/\/falcon-logistic.de\/index.php\/wp-json\/wp\/v2\/media?parent=205"}],"curies":[{"name":"wp","href":"https:\/\/api.w.org\/{rel}","templated":true}]}}