{"id":201,"date":"2025-04-07T07:05:37","date_gmt":"2025-04-07T07:05:37","guid":{"rendered":"https:\/\/falcon-logistic.de\/wordpress\/?page_id=201"},"modified":"2025-05-27T21:10:01","modified_gmt":"2025-05-27T19:10:01","slug":"seefracht","status":"publish","type":"page","link":"https:\/\/falcon-logistic.de\/index.php\/leistungen\/seefracht\/","title":{"rendered":"Seefracht"},"content":{"rendered":"\n<div class=\"wp-block-cover alignfull is-light has-custom-content-position is-position-top-left\" style=\"min-height:600px;aspect-ratio:unset;\"><span aria-hidden=\"true\" class=\"wp-block-cover__background has-secondary-background-color has-background-dim-40 has-background-dim\"><\/span><video class=\"wp-block-cover__video-background intrinsic-ignore\" autoplay muted loop playsinline src=\"https:\/\/falcon-logistic.de\/wordpress\/wp-content\/uploads\/2025\/05\/MASTER_Schiff.mp4\" style=\"object-position:51% 83%\" data-object-fit=\"cover\" data-object-position=\"51% 83%\"><\/video><div class=\"wp-block-cover__inner-container is-layout-flow wp-block-cover-is-layout-flow\">\n<h2 class=\"wp-block-heading alignwide o-typing-delay-500ms has-text-color\" style=\"color:#ffe074;font-size:64px\"><o-anim-typing>Maximale Ladung. <br>Minimale Kosten. <br>Globale Kontrolle.<\/o-anim-typing><\/h2>\n\n\n\n<p>.<\/p>\n\n\n\n<div class=\"wp-block-columns alignwide is-layout-flex wp-container-core-columns-is-layout-1 wp-block-columns-is-layout-flex\">\n<div class=\"wp-block-column is-layout-flow wp-block-column-is-layout-flow\" style=\"flex-basis:55%\">\n<div style=\"height:66px\" aria-hidden=\"true\" class=\"wp-block-spacer\"><\/div>\n\n\n\n<p class=\"has-text-color\" style=\"color:#ffe074;font-size:12px;line-height:1.3\"><\/p>\n<\/div>\n\n\n\n<div class=\"wp-block-column is-layout-flow wp-block-column-is-layout-flow\"><\/div>\n<\/div>\n<\/div><\/div>\n\n\n\n<h2 class=\"wp-block-heading\"><strong>Seefracht<\/strong><\/h2>\n\n\n\n<p>Dabei achten wir auf Ihren Vorteil in Sachen Kosten\/Nutzen. Dazu nutzen wir Sammelverkehre, sogenannte Consols. Damit erreichen Sie alle wichtigen Flugh\u00e4fen und Wirtschaftszentren der Welt. Mit einem Agenten-Netz an rund 200 Standorten machen wir mit t\u00e4glichen Abfl\u00fcgen eine zuverl\u00e4ssige Import-\/Export-Planung m\u00f6glich. Dabei k\u00fcmmern wir uns f\u00fcr Sie um alle wichtigen Belange: Von der Versicherung, \u00fcber kombinierte Luft- und Seefrachttransporte, alles rund um den Zoll bis hin zu Expresslieferungen.<\/p>\n\n\n\n<p>Unsere festen Partner-Vertretungen auf allen Kontinenten gew\u00e4hren einen reibungslosen Ablauf. Als unser Kunde k\u00f6nnen Sie selbstverst\u00e4ndlich alle relevanten Daten einer Lieferung schnell und einfach abfragen und jederzeit vertraulich weitergeben. Das bietet, neben Planungssicherheit, f\u00fcr Sie und ihre Kunden auch noch maximale Transparenz.<\/p>\n\n\n\n<p id=\"isPasted\">Ein wesentlicher Teil des Au\u00dfenhandels erfolgt \u00fcber die Seewege. Wir finden f\u00fcr Sie die wirtschaftlichste und optimale Transportl\u00f6sung f\u00fcr Ihre Seefracht. Unsere Fachleute k\u00fcmmern sich schnell &amp; unkompliziert um alle Belange, sodass Sie sich ganz auf Ihre eigentlichen Aufgaben konzentrieren k\u00f6nnen.<\/p>\n\n\n\n<p>Brauchen Sie einen oder mehrere Container oder ben\u00f6tigen Sie nur einen Teil der Containerkapazit\u00e4t? Wir bieten sowohl FCL (<strong>F<\/strong>ull-<strong>C<\/strong>ontainer-<strong>L<\/strong>oad) als auch LCL (<strong>L<\/strong>ess-Than-<strong>C<\/strong>ontainer-<strong>L<\/strong>oad).&nbsp;Bei FCL wird der Container von einem Versender beladen und am Bestimmungsort vom Empf\u00e4nger entladen.&nbsp;LCL erm\u00f6glicht es Ihnen Ihre St\u00fcckgutsendungen international auf dem Seeweg zu verladen. Hier werden verschiedene Sendungen in einem Container konsolidiert und ab dem Empfangshafen an den Empf\u00e4nger verladen. Das erm\u00f6glicht einen kosteneffizienten Transport.<\/p>\n\n\n\n<p>Eine reibungslose Kommunikation mit einem durchgehenden Transportdokument f\u00fcr Ihre Ware erm\u00f6glicht auch schnell und zuverl\u00e4ssig ihren Bestimmungsort &nbsp;zu erreichen \u2013 wo auch immer auf der Welt das ist.<\/p>\n\n\n\n<div class=\"wp-block-group alignfull has-primary-background-color has-background\"><div class=\"wp-block-group__inner-container is-layout-flow wp-block-group-is-layout-flow\">\n<div class=\"wp-block-columns alignwide are-vertically-aligned-top is-layout-flex wp-container-core-columns-is-layout-2 wp-block-columns-is-layout-flex\">\n<div class=\"wp-block-column is-vertically-aligned-top is-content-justification-left is-layout-constrained wp-container-core-column-is-layout-3 wp-block-column-is-layout-constrained\">\n<figure class=\"wp-block-image size-large animated slideInLeft\"><img loading=\"lazy\" decoding=\"async\" width=\"1024\" height=\"243\" src=\"https:\/\/falcon-logistic.de\/wordpress\/wp-content\/uploads\/2025\/04\/Falcon-Logo-1-1024x243.png\" alt=\"\" class=\"wp-image-598\" srcset=\"https:\/\/falcon-logistic.de\/wordpress\/wp-content\/uploads\/2025\/04\/Falcon-Logo-1-1024x243.png 1024w, https:\/\/falcon-logistic.de\/wordpress\/wp-content\/uploads\/2025\/04\/Falcon-Logo-1-300x71.png 300w, https:\/\/falcon-logistic.de\/wordpress\/wp-content\/uploads\/2025\/04\/Falcon-Logo-1-768x182.png 768w, https:\/\/falcon-logistic.de\/wordpress\/wp-content\/uploads\/2025\/04\/Falcon-Logo-1-1536x365.png 1536w, https:\/\/falcon-logistic.de\/wordpress\/wp-content\/uploads\/2025\/04\/Falcon-Logo-1-1200x285.png 1200w, https:\/\/falcon-logistic.de\/wordpress\/wp-content\/uploads\/2025\/04\/Falcon-Logo-1.png 1756w\" sizes=\"auto, (max-width: 1024px) 100vw, 1024px\" \/><\/figure>\n\n\n<div class=\"wp-block-image animated fadeIn delay-2s slower wp-duotone-grayscale\">\n<figure class=\"aligncenter size-medium\"><img loading=\"lazy\" decoding=\"async\" width=\"300\" height=\"116\" src=\"https:\/\/falcon-logistic.de\/wordpress\/wp-content\/uploads\/2025\/04\/image-3-300x116.png\" alt=\"\" class=\"wp-image-843\" srcset=\"https:\/\/falcon-logistic.de\/wordpress\/wp-content\/uploads\/2025\/04\/image-3-300x116.png 300w, https:\/\/falcon-logistic.de\/wordpress\/wp-content\/uploads\/2025\/04\/image-3.png 734w\" sizes=\"auto, (max-width: 300px) 100vw, 300px\" \/><\/figure><\/div><\/div>\n\n\n\n<div class=\"wp-block-column is-vertically-aligned-top is-layout-flow wp-block-column-is-layout-flow\" style=\"flex-basis:40%\">\n<p class=\"has-normal-font-size\">Bei uns z\u00e4hlt nur eins: Ihre Zufrieden\u00adheit! Bei welchem Transport k\u00f6nnen wir Sie unterst\u00fctzen?<\/p>\n\n\n\n<p class=\"has-normal-font-size\">Haben Sie noch Fragen oder besondere W\u00fcnsche, was Ihren Logistikauftrag angeht? Wir k\u00fcmmern uns drum! Als Spezialisten f\u00fcr Transporte aller Art freuen wir uns darauf, Ihnen weiterzuhelfen.<\/p>\n\n\n\n<p class=\"has-normal-font-size\">Kontaktieren Sie uns an und wir besprechen Ihre Anforderung pers\u00f6nlich.<\/p>\n<\/div>\n<\/div>\n\n\n\n<div class=\"wp-block-buttons is-content-justification-center is-layout-flex wp-container-core-buttons-is-layout-1 wp-block-buttons-is-layout-flex\">\n<div class=\"wp-block-button animated bounceInDown\"><a class=\"wp-block-button__link has-text-align-left wp-element-button\" href=\"https:\/\/falcon-logistic.de\/wordpress\/index.php\/kontakt\/\">Kontakt<\/a><\/div>\n<\/div>\n<\/div><\/div>\n","protected":false},"excerpt":{"rendered":"<p>Seefracht Dabei achten wir auf Ihren Vorteil in Sachen Kosten\/Nutzen. Dazu nutzen wir Sammelverkehre, sogenannte Consols. Damit erreichen Sie alle wichtigen Flugh\u00e4fen und Wirtschaftszentren der Welt. Mit einem Agenten-Netz an rund 200 Standorten machen wir mit t\u00e4glichen Abfl\u00fcgen eine zuverl\u00e4ssige Import-\/Export-Planung m\u00f6glich. Dabei k\u00fcmmern wir uns f\u00fcr Sie um alle wichtigen Belange: Von der Versicherung, [&hellip;]<\/p>\n","protected":false},"author":1,"featured_media":0,"parent":190,"menu_order":0,"comment_status":"closed","ping_status":"closed","template":"templates\/template-full-width.php","meta":{"_themeisle_gutenberg_block_has_review":false,"footnotes":""},"class_list":["post-201","page","type-page","status-publish","hentry"],"yoast_head":"<!-- This site is optimized with the Yoast SEO plugin v24.8.1 - https:\/\/yoast.com\/wordpress\/plugins\/seo\/ -->\r\n<title>Seefracht - Falcon Logistics Solution<\/title>\r\n<meta name=\"robots\" content=\"index, follow, max-snippet:-1, max-image-preview:large, max-video-preview:-1\" \/>\r\n<link rel=\"canonical\" href=\"https:\/\/falcon-logistic.de\/index.php\/leistungen\/seefracht\/\" \/>\r\n<meta property=\"og:locale\" content=\"de_DE\" \/>\r\n<meta property=\"og:type\" content=\"article\" \/>\r\n<meta property=\"og:title\" content=\"Seefracht - Falcon Logistics Solution\" \/>\r\n<meta property=\"og:description\" content=\"Seefracht Dabei achten wir auf Ihren Vorteil in Sachen Kosten\/Nutzen. Dazu nutzen wir Sammelverkehre, sogenannte Consols. Damit erreichen Sie alle wichtigen Flugh\u00e4fen und Wirtschaftszentren der Welt. Mit einem Agenten-Netz an rund 200 Standorten machen wir mit t\u00e4glichen Abfl\u00fcgen eine zuverl\u00e4ssige Import-\/Export-Planung m\u00f6glich. Dabei k\u00fcmmern wir uns f\u00fcr Sie um alle wichtigen Belange: Von der Versicherung, [&hellip;]\" \/>\r\n<meta property=\"og:url\" content=\"https:\/\/falcon-logistic.de\/index.php\/leistungen\/seefracht\/\" \/>\r\n<meta property=\"og:site_name\" content=\"Falcon Logistics Solution\" \/>\r\n<meta property=\"article:modified_time\" content=\"2025-05-27T19:10:01+00:00\" \/>\r\n<meta property=\"og:image\" content=\"https:\/\/falcon-logistic.de\/wordpress\/wp-content\/uploads\/2025\/04\/Falcon-Logo-1.png\" \/>\r\n\t<meta property=\"og:image:width\" content=\"1756\" \/>\r\n\t<meta property=\"og:image:height\" content=\"417\" \/>\r\n\t<meta property=\"og:image:type\" content=\"image\/png\" \/>\r\n<meta name=\"twitter:card\" content=\"summary_large_image\" \/>\r\n<meta name=\"twitter:label1\" content=\"Gesch\u00e4tzte Lesezeit\" \/>\n\t<meta name=\"twitter:data1\" content=\"3\u00a0Minuten\" \/>\r\n<script type=\"application\/ld+json\" class=\"yoast-schema-graph\">{\"@context\":\"https:\/\/schema.org\",\"@graph\":[{\"@type\":\"WebPage\",\"@id\":\"https:\/\/falcon-logistic.de\/index.php\/leistungen\/seefracht\/\",\"url\":\"https:\/\/falcon-logistic.de\/index.php\/leistungen\/seefracht\/\",\"name\":\"Seefracht - Falcon Logistics Solution\",\"isPartOf\":{\"@id\":\"https:\/\/falcon-logistic.de\/#website\"},\"primaryImageOfPage\":{\"@id\":\"https:\/\/falcon-logistic.de\/index.php\/leistungen\/seefracht\/#primaryimage\"},\"image\":{\"@id\":\"https:\/\/falcon-logistic.de\/index.php\/leistungen\/seefracht\/#primaryimage\"},\"thumbnailUrl\":\"https:\/\/falcon-logistic.de\/wordpress\/wp-content\/uploads\/2025\/04\/Falcon-Logo-1-1024x243.png\",\"datePublished\":\"2025-04-07T07:05:37+00:00\",\"dateModified\":\"2025-05-27T19:10:01+00:00\",\"breadcrumb\":{\"@id\":\"https:\/\/falcon-logistic.de\/index.php\/leistungen\/seefracht\/#breadcrumb\"},\"inLanguage\":\"de\",\"potentialAction\":[{\"@type\":\"ReadAction\",\"target\":[\"https:\/\/falcon-logistic.de\/index.php\/leistungen\/seefracht\/\"]}]},{\"@type\":\"ImageObject\",\"inLanguage\":\"de\",\"@id\":\"https:\/\/falcon-logistic.de\/index.php\/leistungen\/seefracht\/#primaryimage\",\"url\":\"https:\/\/falcon-logistic.de\/wordpress\/wp-content\/uploads\/2025\/04\/Falcon-Logo-1.png\",\"contentUrl\":\"https:\/\/falcon-logistic.de\/wordpress\/wp-content\/uploads\/2025\/04\/Falcon-Logo-1.png\",\"width\":1756,\"height\":417},{\"@type\":\"BreadcrumbList\",\"@id\":\"https:\/\/falcon-logistic.de\/index.php\/leistungen\/seefracht\/#breadcrumb\",\"itemListElement\":[{\"@type\":\"ListItem\",\"position\":1,\"name\":\"Startseite\",\"item\":\"https:\/\/falcon-logistic.de\/\"},{\"@type\":\"ListItem\",\"position\":2,\"name\":\"Leistungen\",\"item\":\"https:\/\/falcon-logistic.de\/index.php\/leistungen\/\"},{\"@type\":\"ListItem\",\"position\":3,\"name\":\"Seefracht\"}]},{\"@type\":\"WebSite\",\"@id\":\"https:\/\/falcon-logistic.de\/#website\",\"url\":\"https:\/\/falcon-logistic.de\/\",\"name\":\"Falcon Logistics Solution\",\"description\":\"\",\"publisher\":{\"@id\":\"https:\/\/falcon-logistic.de\/#organization\"},\"potentialAction\":[{\"@type\":\"SearchAction\",\"target\":{\"@type\":\"EntryPoint\",\"urlTemplate\":\"https:\/\/falcon-logistic.de\/?s={search_term_string}\"},\"query-input\":{\"@type\":\"PropertyValueSpecification\",\"valueRequired\":true,\"valueName\":\"search_term_string\"}}],\"inLanguage\":\"de\"},{\"@type\":\"Organization\",\"@id\":\"https:\/\/falcon-logistic.de\/#organization\",\"name\":\"Falcon Logistics Solution\",\"url\":\"https:\/\/falcon-logistic.de\/\",\"logo\":{\"@type\":\"ImageObject\",\"inLanguage\":\"de\",\"@id\":\"https:\/\/falcon-logistic.de\/#\/schema\/logo\/image\/\",\"url\":\"https:\/\/falcon-logistic.de\/wordpress\/wp-content\/uploads\/2025\/04\/cropped-Falcon-Logo.png\",\"contentUrl\":\"https:\/\/falcon-logistic.de\/wordpress\/wp-content\/uploads\/2025\/04\/cropped-Falcon-Logo.png\",\"width\":1756,\"height\":417,\"caption\":\"Falcon Logistics Solution\"},\"image\":{\"@id\":\"https:\/\/falcon-logistic.de\/#\/schema\/logo\/image\/\"}}]}<\/script>\r\n<!-- \/ Yoast SEO plugin. -->","yoast_head_json":{"title":"Seefracht - Falcon Logistics Solution","robots":{"index":"index","follow":"follow","max-snippet":"max-snippet:-1","max-image-preview":"max-image-preview:large","max-video-preview":"max-video-preview:-1"},"canonical":"https:\/\/falcon-logistic.de\/index.php\/leistungen\/seefracht\/","og_locale":"de_DE","og_type":"article","og_title":"Seefracht - Falcon Logistics Solution","og_description":"Seefracht Dabei achten wir auf Ihren Vorteil in Sachen Kosten\/Nutzen. Dazu nutzen wir Sammelverkehre, sogenannte Consols. Damit erreichen Sie alle wichtigen Flugh\u00e4fen und Wirtschaftszentren der Welt. Mit einem Agenten-Netz an rund 200 Standorten machen wir mit t\u00e4glichen Abfl\u00fcgen eine zuverl\u00e4ssige Import-\/Export-Planung m\u00f6glich. Dabei k\u00fcmmern wir uns f\u00fcr Sie um alle wichtigen Belange: Von der Versicherung, [&hellip;]","og_url":"https:\/\/falcon-logistic.de\/index.php\/leistungen\/seefracht\/","og_site_name":"Falcon Logistics Solution","article_modified_time":"2025-05-27T19:10:01+00:00","og_image":[{"width":1756,"height":417,"url":"https:\/\/falcon-logistic.de\/wordpress\/wp-content\/uploads\/2025\/04\/Falcon-Logo-1.png","type":"image\/png"}],"twitter_card":"summary_large_image","twitter_misc":{"Gesch\u00e4tzte Lesezeit":"3\u00a0Minuten"},"schema":{"@context":"https:\/\/schema.org","@graph":[{"@type":"WebPage","@id":"https:\/\/falcon-logistic.de\/index.php\/leistungen\/seefracht\/","url":"https:\/\/falcon-logistic.de\/index.php\/leistungen\/seefracht\/","name":"Seefracht - Falcon Logistics Solution","isPartOf":{"@id":"https:\/\/falcon-logistic.de\/#website"},"primaryImageOfPage":{"@id":"https:\/\/falcon-logistic.de\/index.php\/leistungen\/seefracht\/#primaryimage"},"image":{"@id":"https:\/\/falcon-logistic.de\/index.php\/leistungen\/seefracht\/#primaryimage"},"thumbnailUrl":"https:\/\/falcon-logistic.de\/wordpress\/wp-content\/uploads\/2025\/04\/Falcon-Logo-1-1024x243.png","datePublished":"2025-04-07T07:05:37+00:00","dateModified":"2025-05-27T19:10:01+00:00","breadcrumb":{"@id":"https:\/\/falcon-logistic.de\/index.php\/leistungen\/seefracht\/#breadcrumb"},"inLanguage":"de","potentialAction":[{"@type":"ReadAction","target":["https:\/\/falcon-logistic.de\/index.php\/leistungen\/seefracht\/"]}]},{"@type":"ImageObject","inLanguage":"de","@id":"https:\/\/falcon-logistic.de\/index.php\/leistungen\/seefracht\/#primaryimage","url":"https:\/\/falcon-logistic.de\/wordpress\/wp-content\/uploads\/2025\/04\/Falcon-Logo-1.png","contentUrl":"https:\/\/falcon-logistic.de\/wordpress\/wp-content\/uploads\/2025\/04\/Falcon-Logo-1.png","width":1756,"height":417},{"@type":"BreadcrumbList","@id":"https:\/\/falcon-logistic.de\/index.php\/leistungen\/seefracht\/#breadcrumb","itemListElement":[{"@type":"ListItem","position":1,"name":"Startseite","item":"https:\/\/falcon-logistic.de\/"},{"@type":"ListItem","position":2,"name":"Leistungen","item":"https:\/\/falcon-logistic.de\/index.php\/leistungen\/"},{"@type":"ListItem","position":3,"name":"Seefracht"}]},{"@type":"WebSite","@id":"https:\/\/falcon-logistic.de\/#website","url":"https:\/\/falcon-logistic.de\/","name":"Falcon Logistics Solution","description":"","publisher":{"@id":"https:\/\/falcon-logistic.de\/#organization"},"potentialAction":[{"@type":"SearchAction","target":{"@type":"EntryPoint","urlTemplate":"https:\/\/falcon-logistic.de\/?s={search_term_string}"},"query-input":{"@type":"PropertyValueSpecification","valueRequired":true,"valueName":"search_term_string"}}],"inLanguage":"de"},{"@type":"Organization","@id":"https:\/\/falcon-logistic.de\/#organization","name":"Falcon Logistics Solution","url":"https:\/\/falcon-logistic.de\/","logo":{"@type":"ImageObject","inLanguage":"de","@id":"https:\/\/falcon-logistic.de\/#\/schema\/logo\/image\/","url":"https:\/\/falcon-logistic.de\/wordpress\/wp-content\/uploads\/2025\/04\/cropped-Falcon-Logo.png","contentUrl":"https:\/\/falcon-logistic.de\/wordpress\/wp-content\/uploads\/2025\/04\/cropped-Falcon-Logo.png","width":1756,"height":417,"caption":"Falcon Logistics Solution"},"image":{"@id":"https:\/\/falcon-logistic.de\/#\/schema\/logo\/image\/"}}]}},"jetpack_sharing_enabled":true,"_links":{"self":[{"href":"https:\/\/falcon-logistic.de\/index.php\/wp-json\/wp\/v2\/pages\/201","targetHints":{"allow":["GET"]}}],"collection":[{"href":"https:\/\/falcon-logistic.de\/index.php\/wp-json\/wp\/v2\/pages"}],"about":[{"href":"https:\/\/falcon-logistic.de\/index.php\/wp-json\/wp\/v2\/types\/page"}],"author":[{"embeddable":true,"href":"https:\/\/falcon-logistic.de\/index.php\/wp-json\/wp\/v2\/users\/1"}],"replies":[{"embeddable":true,"href":"https:\/\/falcon-logistic.de\/index.php\/wp-json\/wp\/v2\/comments?post=201"}],"version-history":[{"count":11,"href":"https:\/\/falcon-logistic.de\/index.php\/wp-json\/wp\/v2\/pages\/201\/revisions"}],"predecessor-version":[{"id":1296,"href":"https:\/\/falcon-logistic.de\/index.php\/wp-json\/wp\/v2\/pages\/201\/revisions\/1296"}],"up":[{"embeddable":true,"href":"https:\/\/falcon-logistic.de\/index.php\/wp-json\/wp\/v2\/pages\/190"}],"wp:attachment":[{"href":"https:\/\/falcon-logistic.de\/index.php\/wp-json\/wp\/v2\/media?parent=201"}],"curies":[{"name":"wp","href":"https:\/\/api.w.org\/{rel}","templated":true}]}}