{"id":2,"date":"2025-04-04T15:18:28","date_gmt":"2025-04-04T15:18:28","guid":{"rendered":"https:\/\/falcon-logistic.de\/wordpress\/?page_id=2"},"modified":"2025-05-27T14:18:01","modified_gmt":"2025-05-27T12:18:01","slug":"karriere","status":"publish","type":"page","link":"https:\/\/falcon-logistic.de\/index.php\/karriere\/","title":{"rendered":"Karriere"},"content":{"rendered":"\n<div class=\"wp-block-cover alignfull o-anim-hover wp-duotone-unset-1\" style=\"min-height:600px;aspect-ratio:unset;\"><span aria-hidden=\"true\" class=\"wp-block-cover__background has-background-dim-60 has-background-dim\" style=\"background-color:#6a6f6f\"><\/span><img loading=\"lazy\" decoding=\"async\" width=\"1032\" height=\"581\" class=\"wp-block-cover__image-background wp-image-563\" alt=\"\" src=\"https:\/\/falcon-logistic.de\/wordpress\/wp-content\/uploads\/2025\/04\/karriere-im-bbk.png\" data-object-fit=\"cover\" srcset=\"https:\/\/falcon-logistic.de\/wordpress\/wp-content\/uploads\/2025\/04\/karriere-im-bbk.png 1032w, https:\/\/falcon-logistic.de\/wordpress\/wp-content\/uploads\/2025\/04\/karriere-im-bbk-300x169.png 300w, https:\/\/falcon-logistic.de\/wordpress\/wp-content\/uploads\/2025\/04\/karriere-im-bbk-1024x576.png 1024w, https:\/\/falcon-logistic.de\/wordpress\/wp-content\/uploads\/2025\/04\/karriere-im-bbk-768x432.png 768w\" sizes=\"auto, (max-width: 1032px) 100vw, 1032px\" \/><div class=\"wp-block-cover__inner-container is-layout-flow wp-block-cover-is-layout-flow\">\n<h2 class=\"wp-block-heading alignfull has-text-color\" style=\"color:#f4d589;font-size:60px;letter-spacing:-5px\">Familie. Gesundheit. Umfeld.<\/h2>\n\n\n\n<div class=\"wp-block-columns alignwide is-layout-flex wp-container-core-columns-is-layout-1 wp-block-columns-is-layout-flex\">\n<div class=\"wp-block-column is-layout-flow wp-block-column-is-layout-flow\" style=\"flex-basis:55%\">\n<div style=\"height:207px\" aria-hidden=\"true\" class=\"wp-block-spacer\"><\/div>\n<\/div>\n\n\n\n<div class=\"wp-block-column is-layout-flow wp-block-column-is-layout-flow\">\n<div style=\"height:284px\" aria-hidden=\"true\" class=\"wp-block-spacer\"><\/div>\n<\/div>\n<\/div>\n<\/div><\/div>\n\n\n\n<p>Es gibt viele Gr\u00fcnde, welche f\u00fcr Falcon als Arbeitgeber sprechen: Vom regionalen Engagement \u00fcber den Einsatz f\u00fcr Nachhaltigkeit und Klimaschutz bis hin zu gesellschaftlicher Verantwortung sowie Flexibilit\u00e4t und Familienfreundlichkeit.<br>Aufgaben und Arbeitsabl\u00e4ufe innerhalb der Transport- &amp; Logistikprozesse verlangen in der heutigen Zeit nach Experten. &nbsp;Wir bieten unseren Mitarbeitern, ein Hochinnovatives und motiviertes Arbeitsumfeld in einem stetig wachsenden Unternehmen.<br><strong><u><br>Gesundheit &amp; Familie<\/u><\/strong><br>Neben dem Arbeits- und Familienumfeld, welches wichtige Bausteine f\u00fcr die Zufriedenheit und Ausgeglichenheit der Mitarbeiterinnen und Mitarbeitern sind, legen wir au\u00dferdem sehr viel Wert auf eine sportliche und ausgeglichene Work-Life-Balance in einem kollegialem und leistungsorientiertem Arbeitsumfeld.<br><br><strong><u>Fort- &amp; Weiterbildung<\/u><\/strong><br>&#8222;Wer rastet, der rostet.&#8220; Wir investieren j\u00e4hrlich in vielf\u00e4ltige Angeboten zu Fort- und Weiterbildungen damit sie uns beim digitalen Wandel weiterhin kompetent und tatkr\u00e4ftig unterst\u00fctzen k\u00f6nnen. Zu unserem ganzheitlichen Personalmanagement z\u00e4hlt au\u00dferdem eine langfristige Karriereplanung sowie zahlreiche andere Benefits.<\/p>\n\n\n\n<h2 class=\"wp-block-heading\">Vakante Stellen:<\/h2>\n\n\n\n<p><a href=\"https:\/\/falcon-logistic.de\/images\/document\/9938479\/24_0725StellenanzeigeDisponent_OperationsManagerm.w.d.pdf\" target=\"_blank\" rel=\"noreferrer noopener\">Disponent \/ Operations Manager (m\/w\/d)<\/a><\/p>\n\n\n\n<p><a href=\"https:\/\/falcon-logistic.de\/images\/document\/9938476\/24_0725StellenanzeigeMitarbeiterHumanResourcesm.w.d.pdf\" target=\"_blank\" rel=\"noreferrer noopener\">Mitarbeiter Human Resources&nbsp; &#8211; Teilzeit oder Minijob (m\/W\/D)<\/a><\/p>\n\n\n\n<p class=\"has-text-align-left\"><strong><u>Bewerbung<\/u><\/strong><br>Wir sind immer auf der Suche nach fachkundiger und tatkr\u00e4ftiger Unterst\u00fctzung. Sollte f\u00fcr Sie nicht die richtige Stelle Angeboten werden, scheuen Sie bitte nicht davor, sich initiativ bei uns zu bewerben. Ihre aussagekr\u00e4ftigen Unterlagen senden Sie bitte an\u00a0<\/p>\n\n\n\n<p class=\"has-text-align-center\"><a href=\"mailto:karriere@falcon-logistic.de\">karriere@falcon-logistic.de<\/a><\/p>\n\n\n\n<p class=\"has-text-align-left\">oder senden Sie uns jetzt Ihre<\/p>\n\n\n\n<h2 class=\"wp-block-heading\">Direktbewerbung:<\/h2>\n\n\n\n<div class=\"wpcf7 no-js\" id=\"wpcf7-f1109-o1\" lang=\"de-DE\" dir=\"ltr\" data-wpcf7-id=\"1109\">\n<div class=\"screen-reader-response\"><p role=\"status\" aria-live=\"polite\" aria-atomic=\"true\"><\/p> <ul><\/ul><\/div>\n<form action=\"\/index.php\/wp-json\/wp\/v2\/pages\/2#wpcf7-f1109-o1\" method=\"post\" class=\"wpcf7-form init\" aria-label=\"Kontaktformular\" enctype=\"multipart\/form-data\" novalidate=\"novalidate\" data-status=\"init\">\n<div style=\"display: none;\">\n<input type=\"hidden\" name=\"_wpcf7\" value=\"1109\" \/>\n<input type=\"hidden\" name=\"_wpcf7_version\" value=\"6.0.6\" \/>\n<input type=\"hidden\" name=\"_wpcf7_locale\" value=\"de_DE\" \/>\n<input type=\"hidden\" name=\"_wpcf7_unit_tag\" value=\"wpcf7-f1109-o1\" \/>\n<input type=\"hidden\" name=\"_wpcf7_container_post\" value=\"0\" \/>\n<input type=\"hidden\" name=\"_wpcf7_posted_data_hash\" value=\"\" \/>\n<input type=\"hidden\" name=\"_wpcf7_recaptcha_response\" value=\"\" \/>\n<\/div>\n<p><label> Dein Vorname<br \/>\n<span class=\"wpcf7-form-control-wrap\" data-name=\"your-name\"><input size=\"40\" maxlength=\"400\" class=\"wpcf7-form-control wpcf7-text wpcf7-validates-as-required\" autocomplete=\"name\" aria-required=\"true\" aria-invalid=\"false\" value=\"\" type=\"text\" name=\"your-name\" \/><\/span> <\/label>\n<\/p>\n<p><label> Dein Nachname<br \/>\n<span class=\"wpcf7-form-control-wrap\" data-name=\"your-sirname\"><input size=\"40\" maxlength=\"400\" class=\"wpcf7-form-control wpcf7-text wpcf7-validates-as-required\" autocomplete=\"name\" aria-required=\"true\" aria-invalid=\"false\" value=\"\" type=\"text\" name=\"your-sirname\" \/><\/span> <\/label>\n<\/p>\n<p><label> Bewerbung auf<br \/>\n<span class=\"wpcf7-form-control-wrap\" data-name=\"job\"><input size=\"40\" maxlength=\"400\" class=\"wpcf7-form-control wpcf7-text wpcf7-validates-as-required\" autocomplete=\"name\" aria-required=\"true\" aria-invalid=\"false\" value=\"\" type=\"text\" name=\"job\" \/><\/span> <\/label>\n<\/p>\n<p><label> Dein Lebenslauf<br \/>\n<span class=\"wpcf7-form-control-wrap\" data-name=\"file-104\"><input size=\"40\" class=\"wpcf7-form-control wpcf7-file\" accept=\".pdf,.doc,.docx\" aria-invalid=\"false\" type=\"file\" name=\"file-104\" \/><\/span> <\/label>\n<\/p>\n<p><label> Deine E-Mail-Adresse<br \/>\n<span class=\"wpcf7-form-control-wrap\" data-name=\"your-email\"><input size=\"40\" maxlength=\"400\" class=\"wpcf7-form-control wpcf7-email wpcf7-validates-as-required wpcf7-text wpcf7-validates-as-email\" autocomplete=\"email\" aria-required=\"true\" aria-invalid=\"false\" value=\"\" type=\"email\" name=\"your-email\" \/><\/span> <\/label>\n<\/p>\n<p><label> Sonstige Infos<br \/>\n<span class=\"wpcf7-form-control-wrap\" data-name=\"your-message\"><textarea cols=\"40\" rows=\"10\" maxlength=\"2000\" class=\"wpcf7-form-control wpcf7-textarea\" aria-invalid=\"false\" name=\"your-message\"><\/textarea><\/span> <\/label>\n<\/p>\n<p><label> Weitere Dateien<br \/>\n<span class=\"wpcf7-form-control-wrap\" data-name=\"file-94\"><input size=\"40\" class=\"wpcf7-form-control wpcf7-file\" accept=\".pdf,.doc,.docx\" aria-invalid=\"false\" type=\"file\" name=\"file-94\" \/><\/span> <\/label>\n<\/p>\n<p><input class=\"wpcf7-form-control wpcf7-submit has-spinner\" type=\"submit\" value=\"Senden\" \/>\n<\/p><div class=\"wpcf7-response-output\" aria-hidden=\"true\"><\/div>\n<\/form>\n<\/div>\n\n","protected":false},"excerpt":{"rendered":"<p>Es gibt viele Gr\u00fcnde, welche f\u00fcr Falcon als Arbeitgeber sprechen: Vom regionalen Engagement \u00fcber den Einsatz f\u00fcr Nachhaltigkeit und Klimaschutz bis hin zu gesellschaftlicher Verantwortung sowie Flexibilit\u00e4t und Familienfreundlichkeit.Aufgaben und Arbeitsabl\u00e4ufe innerhalb der Transport- &amp; Logistikprozesse verlangen in der heutigen Zeit nach Experten. &nbsp;Wir bieten unseren Mitarbeitern, ein Hochinnovatives und motiviertes Arbeitsumfeld in einem stetig [&hellip;]<\/p>\n","protected":false},"author":1,"featured_media":0,"parent":0,"menu_order":0,"comment_status":"closed","ping_status":"closed","template":"templates\/template-full-width.php","meta":{"_themeisle_gutenberg_block_has_review":false,"footnotes":""},"class_list":["post-2","page","type-page","status-publish","hentry"],"yoast_head":"<!-- This site is optimized with the Yoast SEO plugin v24.8.1 - https:\/\/yoast.com\/wordpress\/plugins\/seo\/ -->\r\n<title>Karriere - Falcon Logistics Solution<\/title>\r\n<meta name=\"robots\" content=\"index, follow, max-snippet:-1, max-image-preview:large, max-video-preview:-1\" \/>\r\n<link rel=\"canonical\" href=\"https:\/\/falcon-logistic.de\/index.php\/karriere\/\" \/>\r\n<meta property=\"og:locale\" content=\"de_DE\" \/>\r\n<meta property=\"og:type\" content=\"article\" \/>\r\n<meta property=\"og:title\" content=\"Karriere - Falcon Logistics Solution\" \/>\r\n<meta property=\"og:description\" content=\"Es gibt viele Gr\u00fcnde, welche f\u00fcr Falcon als Arbeitgeber sprechen: Vom regionalen Engagement \u00fcber den Einsatz f\u00fcr Nachhaltigkeit und Klimaschutz bis hin zu gesellschaftlicher Verantwortung sowie Flexibilit\u00e4t und Familienfreundlichkeit.Aufgaben und Arbeitsabl\u00e4ufe innerhalb der Transport- &amp; Logistikprozesse verlangen in der heutigen Zeit nach Experten. &nbsp;Wir bieten unseren Mitarbeitern, ein Hochinnovatives und motiviertes Arbeitsumfeld in einem stetig [&hellip;]\" \/>\r\n<meta property=\"og:url\" content=\"https:\/\/falcon-logistic.de\/index.php\/karriere\/\" \/>\r\n<meta property=\"og:site_name\" content=\"Falcon Logistics Solution\" \/>\r\n<meta property=\"article:modified_time\" content=\"2025-05-27T12:18:01+00:00\" \/>\r\n<meta property=\"og:image\" content=\"https:\/\/falcon-logistic.de\/wordpress\/wp-content\/uploads\/2025\/04\/karriere-im-bbk.png\" \/>\r\n\t<meta property=\"og:image:width\" content=\"1032\" \/>\r\n\t<meta property=\"og:image:height\" content=\"581\" \/>\r\n\t<meta property=\"og:image:type\" content=\"image\/png\" \/>\r\n<meta name=\"twitter:card\" content=\"summary_large_image\" \/>\r\n<meta name=\"twitter:label1\" content=\"Gesch\u00e4tzte Lesezeit\" \/>\n\t<meta name=\"twitter:data1\" content=\"2\u00a0Minuten\" \/>\r\n<script type=\"application\/ld+json\" class=\"yoast-schema-graph\">{\"@context\":\"https:\/\/schema.org\",\"@graph\":[{\"@type\":\"WebPage\",\"@id\":\"https:\/\/falcon-logistic.de\/index.php\/karriere\/\",\"url\":\"https:\/\/falcon-logistic.de\/index.php\/karriere\/\",\"name\":\"Karriere - Falcon Logistics Solution\",\"isPartOf\":{\"@id\":\"https:\/\/falcon-logistic.de\/#website\"},\"primaryImageOfPage\":{\"@id\":\"https:\/\/falcon-logistic.de\/index.php\/karriere\/#primaryimage\"},\"image\":{\"@id\":\"https:\/\/falcon-logistic.de\/index.php\/karriere\/#primaryimage\"},\"thumbnailUrl\":\"https:\/\/falcon-logistic.de\/wordpress\/wp-content\/uploads\/2025\/04\/karriere-im-bbk.png\",\"datePublished\":\"2025-04-04T15:18:28+00:00\",\"dateModified\":\"2025-05-27T12:18:01+00:00\",\"breadcrumb\":{\"@id\":\"https:\/\/falcon-logistic.de\/index.php\/karriere\/#breadcrumb\"},\"inLanguage\":\"de\",\"potentialAction\":[{\"@type\":\"ReadAction\",\"target\":[\"https:\/\/falcon-logistic.de\/index.php\/karriere\/\"]}]},{\"@type\":\"ImageObject\",\"inLanguage\":\"de\",\"@id\":\"https:\/\/falcon-logistic.de\/index.php\/karriere\/#primaryimage\",\"url\":\"https:\/\/falcon-logistic.de\/wordpress\/wp-content\/uploads\/2025\/04\/karriere-im-bbk.png\",\"contentUrl\":\"https:\/\/falcon-logistic.de\/wordpress\/wp-content\/uploads\/2025\/04\/karriere-im-bbk.png\",\"width\":1032,\"height\":581},{\"@type\":\"BreadcrumbList\",\"@id\":\"https:\/\/falcon-logistic.de\/index.php\/karriere\/#breadcrumb\",\"itemListElement\":[{\"@type\":\"ListItem\",\"position\":1,\"name\":\"Startseite\",\"item\":\"https:\/\/falcon-logistic.de\/\"},{\"@type\":\"ListItem\",\"position\":2,\"name\":\"Karriere\"}]},{\"@type\":\"WebSite\",\"@id\":\"https:\/\/falcon-logistic.de\/#website\",\"url\":\"https:\/\/falcon-logistic.de\/\",\"name\":\"Falcon Logistics Solution\",\"description\":\"\",\"publisher\":{\"@id\":\"https:\/\/falcon-logistic.de\/#organization\"},\"potentialAction\":[{\"@type\":\"SearchAction\",\"target\":{\"@type\":\"EntryPoint\",\"urlTemplate\":\"https:\/\/falcon-logistic.de\/?s={search_term_string}\"},\"query-input\":{\"@type\":\"PropertyValueSpecification\",\"valueRequired\":true,\"valueName\":\"search_term_string\"}}],\"inLanguage\":\"de\"},{\"@type\":\"Organization\",\"@id\":\"https:\/\/falcon-logistic.de\/#organization\",\"name\":\"Falcon Logistics Solution\",\"url\":\"https:\/\/falcon-logistic.de\/\",\"logo\":{\"@type\":\"ImageObject\",\"inLanguage\":\"de\",\"@id\":\"https:\/\/falcon-logistic.de\/#\/schema\/logo\/image\/\",\"url\":\"https:\/\/falcon-logistic.de\/wordpress\/wp-content\/uploads\/2025\/04\/cropped-Falcon-Logo.png\",\"contentUrl\":\"https:\/\/falcon-logistic.de\/wordpress\/wp-content\/uploads\/2025\/04\/cropped-Falcon-Logo.png\",\"width\":1756,\"height\":417,\"caption\":\"Falcon Logistics Solution\"},\"image\":{\"@id\":\"https:\/\/falcon-logistic.de\/#\/schema\/logo\/image\/\"}}]}<\/script>\r\n<!-- \/ Yoast SEO plugin. -->","yoast_head_json":{"title":"Karriere - Falcon Logistics Solution","robots":{"index":"index","follow":"follow","max-snippet":"max-snippet:-1","max-image-preview":"max-image-preview:large","max-video-preview":"max-video-preview:-1"},"canonical":"https:\/\/falcon-logistic.de\/index.php\/karriere\/","og_locale":"de_DE","og_type":"article","og_title":"Karriere - Falcon Logistics Solution","og_description":"Es gibt viele Gr\u00fcnde, welche f\u00fcr Falcon als Arbeitgeber sprechen: Vom regionalen Engagement \u00fcber den Einsatz f\u00fcr Nachhaltigkeit und Klimaschutz bis hin zu gesellschaftlicher Verantwortung sowie Flexibilit\u00e4t und Familienfreundlichkeit.Aufgaben und Arbeitsabl\u00e4ufe innerhalb der Transport- &amp; Logistikprozesse verlangen in der heutigen Zeit nach Experten. &nbsp;Wir bieten unseren Mitarbeitern, ein Hochinnovatives und motiviertes Arbeitsumfeld in einem stetig [&hellip;]","og_url":"https:\/\/falcon-logistic.de\/index.php\/karriere\/","og_site_name":"Falcon Logistics Solution","article_modified_time":"2025-05-27T12:18:01+00:00","og_image":[{"width":1032,"height":581,"url":"https:\/\/falcon-logistic.de\/wordpress\/wp-content\/uploads\/2025\/04\/karriere-im-bbk.png","type":"image\/png"}],"twitter_card":"summary_large_image","twitter_misc":{"Gesch\u00e4tzte Lesezeit":"2\u00a0Minuten"},"schema":{"@context":"https:\/\/schema.org","@graph":[{"@type":"WebPage","@id":"https:\/\/falcon-logistic.de\/index.php\/karriere\/","url":"https:\/\/falcon-logistic.de\/index.php\/karriere\/","name":"Karriere - Falcon Logistics Solution","isPartOf":{"@id":"https:\/\/falcon-logistic.de\/#website"},"primaryImageOfPage":{"@id":"https:\/\/falcon-logistic.de\/index.php\/karriere\/#primaryimage"},"image":{"@id":"https:\/\/falcon-logistic.de\/index.php\/karriere\/#primaryimage"},"thumbnailUrl":"https:\/\/falcon-logistic.de\/wordpress\/wp-content\/uploads\/2025\/04\/karriere-im-bbk.png","datePublished":"2025-04-04T15:18:28+00:00","dateModified":"2025-05-27T12:18:01+00:00","breadcrumb":{"@id":"https:\/\/falcon-logistic.de\/index.php\/karriere\/#breadcrumb"},"inLanguage":"de","potentialAction":[{"@type":"ReadAction","target":["https:\/\/falcon-logistic.de\/index.php\/karriere\/"]}]},{"@type":"ImageObject","inLanguage":"de","@id":"https:\/\/falcon-logistic.de\/index.php\/karriere\/#primaryimage","url":"https:\/\/falcon-logistic.de\/wordpress\/wp-content\/uploads\/2025\/04\/karriere-im-bbk.png","contentUrl":"https:\/\/falcon-logistic.de\/wordpress\/wp-content\/uploads\/2025\/04\/karriere-im-bbk.png","width":1032,"height":581},{"@type":"BreadcrumbList","@id":"https:\/\/falcon-logistic.de\/index.php\/karriere\/#breadcrumb","itemListElement":[{"@type":"ListItem","position":1,"name":"Startseite","item":"https:\/\/falcon-logistic.de\/"},{"@type":"ListItem","position":2,"name":"Karriere"}]},{"@type":"WebSite","@id":"https:\/\/falcon-logistic.de\/#website","url":"https:\/\/falcon-logistic.de\/","name":"Falcon Logistics Solution","description":"","publisher":{"@id":"https:\/\/falcon-logistic.de\/#organization"},"potentialAction":[{"@type":"SearchAction","target":{"@type":"EntryPoint","urlTemplate":"https:\/\/falcon-logistic.de\/?s={search_term_string}"},"query-input":{"@type":"PropertyValueSpecification","valueRequired":true,"valueName":"search_term_string"}}],"inLanguage":"de"},{"@type":"Organization","@id":"https:\/\/falcon-logistic.de\/#organization","name":"Falcon Logistics Solution","url":"https:\/\/falcon-logistic.de\/","logo":{"@type":"ImageObject","inLanguage":"de","@id":"https:\/\/falcon-logistic.de\/#\/schema\/logo\/image\/","url":"https:\/\/falcon-logistic.de\/wordpress\/wp-content\/uploads\/2025\/04\/cropped-Falcon-Logo.png","contentUrl":"https:\/\/falcon-logistic.de\/wordpress\/wp-content\/uploads\/2025\/04\/cropped-Falcon-Logo.png","width":1756,"height":417,"caption":"Falcon Logistics Solution"},"image":{"@id":"https:\/\/falcon-logistic.de\/#\/schema\/logo\/image\/"}}]}},"jetpack_sharing_enabled":true,"_links":{"self":[{"href":"https:\/\/falcon-logistic.de\/index.php\/wp-json\/wp\/v2\/pages\/2","targetHints":{"allow":["GET"]}}],"collection":[{"href":"https:\/\/falcon-logistic.de\/index.php\/wp-json\/wp\/v2\/pages"}],"about":[{"href":"https:\/\/falcon-logistic.de\/index.php\/wp-json\/wp\/v2\/types\/page"}],"author":[{"embeddable":true,"href":"https:\/\/falcon-logistic.de\/index.php\/wp-json\/wp\/v2\/users\/1"}],"replies":[{"embeddable":true,"href":"https:\/\/falcon-logistic.de\/index.php\/wp-json\/wp\/v2\/comments?post=2"}],"version-history":[{"count":10,"href":"https:\/\/falcon-logistic.de\/index.php\/wp-json\/wp\/v2\/pages\/2\/revisions"}],"predecessor-version":[{"id":1158,"href":"https:\/\/falcon-logistic.de\/index.php\/wp-json\/wp\/v2\/pages\/2\/revisions\/1158"}],"wp:attachment":[{"href":"https:\/\/falcon-logistic.de\/index.php\/wp-json\/wp\/v2\/media?parent=2"}],"curies":[{"name":"wp","href":"https:\/\/api.w.org\/{rel}","templated":true}]}}