{"id":194,"date":"2025-04-07T07:01:42","date_gmt":"2025-04-07T07:01:42","guid":{"rendered":"https:\/\/falcon-logistic.de\/wordpress\/?page_id=194"},"modified":"2025-05-27T21:09:41","modified_gmt":"2025-05-27T19:09:41","slug":"schiene","status":"publish","type":"page","link":"https:\/\/falcon-logistic.de\/index.php\/leistungen\/schiene\/","title":{"rendered":"Schienenverkehr"},"content":{"rendered":"\n<div class=\"wp-block-cover alignfull is-light has-custom-content-position is-position-top-left\" style=\"min-height:600px;aspect-ratio:unset;\"><span aria-hidden=\"true\" class=\"wp-block-cover__background has-secondary-background-color has-background-dim-40 has-background-dim\"><\/span><video class=\"wp-block-cover__video-background intrinsic-ignore\" autoplay muted loop playsinline src=\"https:\/\/falcon-logistic.de\/wordpress\/wp-content\/uploads\/2025\/05\/MASTER_Zug.mp4\" style=\"object-position:53% 70%\" data-object-fit=\"cover\" data-object-position=\"53% 70%\"><\/video><div class=\"wp-block-cover__inner-container is-layout-flow wp-block-cover-is-layout-flow\">\n<h2 class=\"wp-block-heading alignwide has-text-align-left o-typing-delay-1s o-typing-fast has-text-color\" style=\"color:#ffe074;font-size:64px\"><o-anim-typing>Nationaler &amp; Internationaler G\u00fcterkraftverkehr<br>Schiene.<\/o-anim-typing><\/h2>\n\n\n\n<p>.<\/p>\n\n\n\n<div class=\"wp-block-columns alignwide is-layout-flex wp-container-core-columns-is-layout-1 wp-block-columns-is-layout-flex\">\n<div class=\"wp-block-column is-layout-flow wp-block-column-is-layout-flow\" style=\"flex-basis:55%\">\n<div style=\"height:40px\" aria-hidden=\"true\" class=\"wp-block-spacer\"><\/div>\n\n\n\n<p class=\"has-text-color\" style=\"color:#ffe074;font-size:12px;line-height:1.3\"><\/p>\n<\/div>\n\n\n\n<div class=\"wp-block-column is-layout-flow wp-block-column-is-layout-flow\"><\/div>\n<\/div>\n<\/div><\/div>\n\n\n\n<p id=\"isPasted\">Unser Angebot umfasst sowohl nationale als auch internationale Transporte auf der Schiene und wir sind spezialisiert auf den Transport von Teil- und Komplettladungen in ganz Europa. Dabei setzen wir auf moderne und umweltfreundliche Vorholung durch unsere Fahrzeuge, sowie eine sorgf\u00e4ltige Planung und Organisation. So stellen wir sicher, dass Ihre Waren sicher und zuverl\u00e4ssig ihre Ziele erreichen. Mit unserer gro\u00dfen Flotte, sowie den Kapazit\u00e4ten unserer festen Partner garantieren wir die termingerechte Lieferungen Ihrer G\u00fcter.<\/p>\n\n\n\n<p>Ein weiterer Vorteil von Falcon ist unser breites Netzwerk an Partnern sowie unserem St\u00fcckgutnetzwerk Europaweit. So k\u00f6nnen wir auch f\u00fcr komplexe Transportanforderungen immer die optimale L\u00f6sung finden und Ihnen eine reibungslose sowie vor allem schnelle Abwicklung garantieren.&nbsp;<\/p>\n\n\n\n<p>Unser Team aus erfahrenen Logistikexperten steht Ihnen dabei jederzeit zur Verf\u00fcgung und ber\u00e4t Sie gern zu allen Fragen rund um Ihren Transport. Wir sind f\u00fcr Sie da &#8211; von der individuellen Planung Ihres SCM bis zur Umsetzung, und stellen sicher, dass Ihre Waren immer in den besten H\u00e4nden sind.<\/p>\n\n\n\n<p id=\"isPasted\">Intermodale Transporte umfassen den kombinierten Einsatz von verschiedenen Verkehrstr\u00e4gern wie der Stra\u00dfe oder Schiene, um Waren sicher und schnell an ihre Ziele zu bringen. Wir bei Falcon nutzen die Vorteile dieser Verkehrstr\u00e4ger, um die Effizienz und die Flexibilit\u00e4t unserer Transportl\u00f6sungen zu maximieren.<\/p>\n\n\n\n<div class=\"wp-block-group alignfull has-primary-background-color has-background\"><div class=\"wp-block-group__inner-container is-layout-flow wp-block-group-is-layout-flow\">\n<div class=\"wp-block-columns alignwide are-vertically-aligned-top is-layout-flex wp-container-core-columns-is-layout-2 wp-block-columns-is-layout-flex\">\n<div class=\"wp-block-column is-vertically-aligned-top is-content-justification-left is-layout-constrained wp-container-core-column-is-layout-3 wp-block-column-is-layout-constrained\">\n<figure class=\"wp-block-image size-large animated slideInLeft\"><img loading=\"lazy\" decoding=\"async\" width=\"1024\" height=\"243\" src=\"https:\/\/falcon-logistic.de\/wordpress\/wp-content\/uploads\/2025\/04\/Falcon-Logo-1-1024x243.png\" alt=\"\" class=\"wp-image-598\" srcset=\"https:\/\/falcon-logistic.de\/wordpress\/wp-content\/uploads\/2025\/04\/Falcon-Logo-1-1024x243.png 1024w, https:\/\/falcon-logistic.de\/wordpress\/wp-content\/uploads\/2025\/04\/Falcon-Logo-1-300x71.png 300w, https:\/\/falcon-logistic.de\/wordpress\/wp-content\/uploads\/2025\/04\/Falcon-Logo-1-768x182.png 768w, https:\/\/falcon-logistic.de\/wordpress\/wp-content\/uploads\/2025\/04\/Falcon-Logo-1-1536x365.png 1536w, https:\/\/falcon-logistic.de\/wordpress\/wp-content\/uploads\/2025\/04\/Falcon-Logo-1-1200x285.png 1200w, https:\/\/falcon-logistic.de\/wordpress\/wp-content\/uploads\/2025\/04\/Falcon-Logo-1.png 1756w\" sizes=\"auto, (max-width: 1024px) 100vw, 1024px\" \/><\/figure>\n\n\n<div class=\"wp-block-image animated fadeIn delay-2s slower wp-duotone-grayscale\">\n<figure class=\"aligncenter size-medium\"><img loading=\"lazy\" decoding=\"async\" width=\"300\" height=\"116\" src=\"https:\/\/falcon-logistic.de\/wordpress\/wp-content\/uploads\/2025\/04\/image-3-300x116.png\" alt=\"\" class=\"wp-image-843\" srcset=\"https:\/\/falcon-logistic.de\/wordpress\/wp-content\/uploads\/2025\/04\/image-3-300x116.png 300w, https:\/\/falcon-logistic.de\/wordpress\/wp-content\/uploads\/2025\/04\/image-3.png 734w\" sizes=\"auto, (max-width: 300px) 100vw, 300px\" \/><\/figure><\/div><\/div>\n\n\n\n<div class=\"wp-block-column is-vertically-aligned-top is-layout-flow wp-block-column-is-layout-flow\" style=\"flex-basis:40%\">\n<p class=\"has-normal-font-size\">Bei uns z\u00e4hlt nur eins: Ihre Zufrieden\u00adheit! Bei welchem Transport k\u00f6nnen wir Sie unterst\u00fctzen?<\/p>\n\n\n\n<p class=\"has-normal-font-size\">Haben Sie noch Fragen oder besondere W\u00fcnsche, was Ihren Logistikauftrag angeht? Wir k\u00fcmmern uns drum! Als Spezialisten f\u00fcr Transporte aller Art freuen wir uns darauf, Ihnen weiterzuhelfen.<\/p>\n\n\n\n<p class=\"has-normal-font-size\">Kontaktieren Sie uns an und wir besprechen Ihre Anforderung pers\u00f6nlich.<\/p>\n<\/div>\n<\/div>\n\n\n\n<div class=\"wp-block-buttons is-content-justification-center is-layout-flex wp-container-core-buttons-is-layout-1 wp-block-buttons-is-layout-flex\">\n<div class=\"wp-block-button animated bounceInDown\"><a class=\"wp-block-button__link has-text-align-left wp-element-button\" href=\"https:\/\/falcon-logistic.de\/wordpress\/index.php\/kontakt\/\">Kontakt<\/a><\/div>\n<\/div>\n<\/div><\/div>\n","protected":false},"excerpt":{"rendered":"<p>Unser Angebot umfasst sowohl nationale als auch internationale Transporte auf der Schiene und wir sind spezialisiert auf den Transport von Teil- und Komplettladungen in ganz Europa. Dabei setzen wir auf moderne und umweltfreundliche Vorholung durch unsere Fahrzeuge, sowie eine sorgf\u00e4ltige Planung und Organisation. So stellen wir sicher, dass Ihre Waren sicher und zuverl\u00e4ssig ihre Ziele [&hellip;]<\/p>\n","protected":false},"author":1,"featured_media":0,"parent":190,"menu_order":0,"comment_status":"closed","ping_status":"closed","template":"templates\/template-full-width.php","meta":{"_themeisle_gutenberg_block_has_review":false,"footnotes":""},"class_list":["post-194","page","type-page","status-publish","hentry"],"yoast_head":"<!-- This site is optimized with the Yoast SEO plugin v24.8.1 - https:\/\/yoast.com\/wordpress\/plugins\/seo\/ -->\r\n<title>Schienenverkehr - Falcon Logistics Solution<\/title>\r\n<meta name=\"robots\" content=\"index, follow, max-snippet:-1, max-image-preview:large, max-video-preview:-1\" \/>\r\n<link rel=\"canonical\" href=\"https:\/\/falcon-logistic.de\/index.php\/leistungen\/schiene\/\" \/>\r\n<meta property=\"og:locale\" content=\"de_DE\" \/>\r\n<meta property=\"og:type\" content=\"article\" \/>\r\n<meta property=\"og:title\" content=\"Schienenverkehr - Falcon Logistics Solution\" \/>\r\n<meta property=\"og:description\" content=\"Unser Angebot umfasst sowohl nationale als auch internationale Transporte auf der Schiene und wir sind spezialisiert auf den Transport von Teil- und Komplettladungen in ganz Europa. Dabei setzen wir auf moderne und umweltfreundliche Vorholung durch unsere Fahrzeuge, sowie eine sorgf\u00e4ltige Planung und Organisation. So stellen wir sicher, dass Ihre Waren sicher und zuverl\u00e4ssig ihre Ziele [&hellip;]\" \/>\r\n<meta property=\"og:url\" content=\"https:\/\/falcon-logistic.de\/index.php\/leistungen\/schiene\/\" \/>\r\n<meta property=\"og:site_name\" content=\"Falcon Logistics Solution\" \/>\r\n<meta property=\"article:modified_time\" content=\"2025-05-27T19:09:41+00:00\" \/>\r\n<meta property=\"og:image\" content=\"https:\/\/falcon-logistic.de\/wordpress\/wp-content\/uploads\/2025\/04\/Falcon-Logo-1.png\" \/>\r\n\t<meta property=\"og:image:width\" content=\"1756\" \/>\r\n\t<meta property=\"og:image:height\" content=\"417\" \/>\r\n\t<meta property=\"og:image:type\" content=\"image\/png\" \/>\r\n<meta name=\"twitter:card\" content=\"summary_large_image\" \/>\r\n<meta name=\"twitter:label1\" content=\"Gesch\u00e4tzte Lesezeit\" \/>\n\t<meta name=\"twitter:data1\" content=\"2\u00a0Minuten\" \/>\r\n<script type=\"application\/ld+json\" class=\"yoast-schema-graph\">{\"@context\":\"https:\/\/schema.org\",\"@graph\":[{\"@type\":\"WebPage\",\"@id\":\"https:\/\/falcon-logistic.de\/index.php\/leistungen\/schiene\/\",\"url\":\"https:\/\/falcon-logistic.de\/index.php\/leistungen\/schiene\/\",\"name\":\"Schienenverkehr - Falcon Logistics Solution\",\"isPartOf\":{\"@id\":\"https:\/\/falcon-logistic.de\/#website\"},\"primaryImageOfPage\":{\"@id\":\"https:\/\/falcon-logistic.de\/index.php\/leistungen\/schiene\/#primaryimage\"},\"image\":{\"@id\":\"https:\/\/falcon-logistic.de\/index.php\/leistungen\/schiene\/#primaryimage\"},\"thumbnailUrl\":\"https:\/\/falcon-logistic.de\/wordpress\/wp-content\/uploads\/2025\/04\/Falcon-Logo-1-1024x243.png\",\"datePublished\":\"2025-04-07T07:01:42+00:00\",\"dateModified\":\"2025-05-27T19:09:41+00:00\",\"breadcrumb\":{\"@id\":\"https:\/\/falcon-logistic.de\/index.php\/leistungen\/schiene\/#breadcrumb\"},\"inLanguage\":\"de\",\"potentialAction\":[{\"@type\":\"ReadAction\",\"target\":[\"https:\/\/falcon-logistic.de\/index.php\/leistungen\/schiene\/\"]}]},{\"@type\":\"ImageObject\",\"inLanguage\":\"de\",\"@id\":\"https:\/\/falcon-logistic.de\/index.php\/leistungen\/schiene\/#primaryimage\",\"url\":\"https:\/\/falcon-logistic.de\/wordpress\/wp-content\/uploads\/2025\/04\/Falcon-Logo-1.png\",\"contentUrl\":\"https:\/\/falcon-logistic.de\/wordpress\/wp-content\/uploads\/2025\/04\/Falcon-Logo-1.png\",\"width\":1756,\"height\":417},{\"@type\":\"BreadcrumbList\",\"@id\":\"https:\/\/falcon-logistic.de\/index.php\/leistungen\/schiene\/#breadcrumb\",\"itemListElement\":[{\"@type\":\"ListItem\",\"position\":1,\"name\":\"Startseite\",\"item\":\"https:\/\/falcon-logistic.de\/\"},{\"@type\":\"ListItem\",\"position\":2,\"name\":\"Leistungen\",\"item\":\"https:\/\/falcon-logistic.de\/index.php\/leistungen\/\"},{\"@type\":\"ListItem\",\"position\":3,\"name\":\"Schienenverkehr\"}]},{\"@type\":\"WebSite\",\"@id\":\"https:\/\/falcon-logistic.de\/#website\",\"url\":\"https:\/\/falcon-logistic.de\/\",\"name\":\"Falcon Logistics Solution\",\"description\":\"\",\"publisher\":{\"@id\":\"https:\/\/falcon-logistic.de\/#organization\"},\"potentialAction\":[{\"@type\":\"SearchAction\",\"target\":{\"@type\":\"EntryPoint\",\"urlTemplate\":\"https:\/\/falcon-logistic.de\/?s={search_term_string}\"},\"query-input\":{\"@type\":\"PropertyValueSpecification\",\"valueRequired\":true,\"valueName\":\"search_term_string\"}}],\"inLanguage\":\"de\"},{\"@type\":\"Organization\",\"@id\":\"https:\/\/falcon-logistic.de\/#organization\",\"name\":\"Falcon Logistics Solution\",\"url\":\"https:\/\/falcon-logistic.de\/\",\"logo\":{\"@type\":\"ImageObject\",\"inLanguage\":\"de\",\"@id\":\"https:\/\/falcon-logistic.de\/#\/schema\/logo\/image\/\",\"url\":\"https:\/\/falcon-logistic.de\/wordpress\/wp-content\/uploads\/2025\/04\/cropped-Falcon-Logo.png\",\"contentUrl\":\"https:\/\/falcon-logistic.de\/wordpress\/wp-content\/uploads\/2025\/04\/cropped-Falcon-Logo.png\",\"width\":1756,\"height\":417,\"caption\":\"Falcon Logistics Solution\"},\"image\":{\"@id\":\"https:\/\/falcon-logistic.de\/#\/schema\/logo\/image\/\"}}]}<\/script>\r\n<!-- \/ Yoast SEO plugin. -->","yoast_head_json":{"title":"Schienenverkehr - Falcon Logistics Solution","robots":{"index":"index","follow":"follow","max-snippet":"max-snippet:-1","max-image-preview":"max-image-preview:large","max-video-preview":"max-video-preview:-1"},"canonical":"https:\/\/falcon-logistic.de\/index.php\/leistungen\/schiene\/","og_locale":"de_DE","og_type":"article","og_title":"Schienenverkehr - Falcon Logistics Solution","og_description":"Unser Angebot umfasst sowohl nationale als auch internationale Transporte auf der Schiene und wir sind spezialisiert auf den Transport von Teil- und Komplettladungen in ganz Europa. Dabei setzen wir auf moderne und umweltfreundliche Vorholung durch unsere Fahrzeuge, sowie eine sorgf\u00e4ltige Planung und Organisation. So stellen wir sicher, dass Ihre Waren sicher und zuverl\u00e4ssig ihre Ziele [&hellip;]","og_url":"https:\/\/falcon-logistic.de\/index.php\/leistungen\/schiene\/","og_site_name":"Falcon Logistics Solution","article_modified_time":"2025-05-27T19:09:41+00:00","og_image":[{"width":1756,"height":417,"url":"https:\/\/falcon-logistic.de\/wordpress\/wp-content\/uploads\/2025\/04\/Falcon-Logo-1.png","type":"image\/png"}],"twitter_card":"summary_large_image","twitter_misc":{"Gesch\u00e4tzte Lesezeit":"2\u00a0Minuten"},"schema":{"@context":"https:\/\/schema.org","@graph":[{"@type":"WebPage","@id":"https:\/\/falcon-logistic.de\/index.php\/leistungen\/schiene\/","url":"https:\/\/falcon-logistic.de\/index.php\/leistungen\/schiene\/","name":"Schienenverkehr - Falcon Logistics Solution","isPartOf":{"@id":"https:\/\/falcon-logistic.de\/#website"},"primaryImageOfPage":{"@id":"https:\/\/falcon-logistic.de\/index.php\/leistungen\/schiene\/#primaryimage"},"image":{"@id":"https:\/\/falcon-logistic.de\/index.php\/leistungen\/schiene\/#primaryimage"},"thumbnailUrl":"https:\/\/falcon-logistic.de\/wordpress\/wp-content\/uploads\/2025\/04\/Falcon-Logo-1-1024x243.png","datePublished":"2025-04-07T07:01:42+00:00","dateModified":"2025-05-27T19:09:41+00:00","breadcrumb":{"@id":"https:\/\/falcon-logistic.de\/index.php\/leistungen\/schiene\/#breadcrumb"},"inLanguage":"de","potentialAction":[{"@type":"ReadAction","target":["https:\/\/falcon-logistic.de\/index.php\/leistungen\/schiene\/"]}]},{"@type":"ImageObject","inLanguage":"de","@id":"https:\/\/falcon-logistic.de\/index.php\/leistungen\/schiene\/#primaryimage","url":"https:\/\/falcon-logistic.de\/wordpress\/wp-content\/uploads\/2025\/04\/Falcon-Logo-1.png","contentUrl":"https:\/\/falcon-logistic.de\/wordpress\/wp-content\/uploads\/2025\/04\/Falcon-Logo-1.png","width":1756,"height":417},{"@type":"BreadcrumbList","@id":"https:\/\/falcon-logistic.de\/index.php\/leistungen\/schiene\/#breadcrumb","itemListElement":[{"@type":"ListItem","position":1,"name":"Startseite","item":"https:\/\/falcon-logistic.de\/"},{"@type":"ListItem","position":2,"name":"Leistungen","item":"https:\/\/falcon-logistic.de\/index.php\/leistungen\/"},{"@type":"ListItem","position":3,"name":"Schienenverkehr"}]},{"@type":"WebSite","@id":"https:\/\/falcon-logistic.de\/#website","url":"https:\/\/falcon-logistic.de\/","name":"Falcon Logistics Solution","description":"","publisher":{"@id":"https:\/\/falcon-logistic.de\/#organization"},"potentialAction":[{"@type":"SearchAction","target":{"@type":"EntryPoint","urlTemplate":"https:\/\/falcon-logistic.de\/?s={search_term_string}"},"query-input":{"@type":"PropertyValueSpecification","valueRequired":true,"valueName":"search_term_string"}}],"inLanguage":"de"},{"@type":"Organization","@id":"https:\/\/falcon-logistic.de\/#organization","name":"Falcon Logistics Solution","url":"https:\/\/falcon-logistic.de\/","logo":{"@type":"ImageObject","inLanguage":"de","@id":"https:\/\/falcon-logistic.de\/#\/schema\/logo\/image\/","url":"https:\/\/falcon-logistic.de\/wordpress\/wp-content\/uploads\/2025\/04\/cropped-Falcon-Logo.png","contentUrl":"https:\/\/falcon-logistic.de\/wordpress\/wp-content\/uploads\/2025\/04\/cropped-Falcon-Logo.png","width":1756,"height":417,"caption":"Falcon Logistics Solution"},"image":{"@id":"https:\/\/falcon-logistic.de\/#\/schema\/logo\/image\/"}}]}},"jetpack_sharing_enabled":true,"_links":{"self":[{"href":"https:\/\/falcon-logistic.de\/index.php\/wp-json\/wp\/v2\/pages\/194","targetHints":{"allow":["GET"]}}],"collection":[{"href":"https:\/\/falcon-logistic.de\/index.php\/wp-json\/wp\/v2\/pages"}],"about":[{"href":"https:\/\/falcon-logistic.de\/index.php\/wp-json\/wp\/v2\/types\/page"}],"author":[{"embeddable":true,"href":"https:\/\/falcon-logistic.de\/index.php\/wp-json\/wp\/v2\/users\/1"}],"replies":[{"embeddable":true,"href":"https:\/\/falcon-logistic.de\/index.php\/wp-json\/wp\/v2\/comments?post=194"}],"version-history":[{"count":16,"href":"https:\/\/falcon-logistic.de\/index.php\/wp-json\/wp\/v2\/pages\/194\/revisions"}],"predecessor-version":[{"id":1295,"href":"https:\/\/falcon-logistic.de\/index.php\/wp-json\/wp\/v2\/pages\/194\/revisions\/1295"}],"up":[{"embeddable":true,"href":"https:\/\/falcon-logistic.de\/index.php\/wp-json\/wp\/v2\/pages\/190"}],"wp:attachment":[{"href":"https:\/\/falcon-logistic.de\/index.php\/wp-json\/wp\/v2\/media?parent=194"}],"curies":[{"name":"wp","href":"https:\/\/api.w.org\/{rel}","templated":true}]}}