{"id":12,"date":"2025-04-04T16:34:42","date_gmt":"2025-04-04T16:34:42","guid":{"rendered":"https:\/\/falcon-logistic.de\/wordpress\/?page_id=12"},"modified":"2025-10-09T09:47:12","modified_gmt":"2025-10-09T07:47:12","slug":"impressum","status":"publish","type":"page","link":"https:\/\/falcon-logistic.de\/index.php\/impressum\/","title":{"rendered":"Impressum"},"content":{"rendered":"\n<p><strong>Falcon Logistics Solution GmbH<\/strong><br>vertreten durch Patrick\u00a0Blaschke<br>Antonio-Segni Stra\u00dfe 4<br>DE-44263 Dortmund\u00a0<\/p>\n\n\n\n<p>Telefon:&nbsp;+49 231 6285303 &#8211; 30<br>E-Mail:&nbsp;<a href=\"mailto:info@falcon-logistic.de\">info@falcon-logistic.de<\/a><br><br><strong>Umsatzsteuer-Identifikationsnummer<\/strong><br>DE368211254<\/p>\n\n\n\n<p><strong>Steuernummer<\/strong><br>315\/5738\/1441<br>&nbsp;<br><strong>Eintrag im Handelsregister<\/strong><br>Amtsgericht Dortmund, HRB 36039<br><br><strong>Urheberrechtshinweis<\/strong><br>Die durch uns erstellten Inhalte und Werke auf dieser Website unterliegen dem deutschen Urheberrecht. Die Vervielf\u00e4ltigung, Bearbeitung, Verbreitung und jede Art der Verwertung au\u00dferhalb der Grenzen des Urheberrechtes bed\u00fcrfen der schriftlichen Zustimmung des jeweiligen Autors bzw. Erstellers. Soweit die Inhalte auf dieser Seite nicht von uns selbst erstellt wurden, werden Urheberrechte Dritter beachtet. Insbesondere werden Inhalte Dritter als solche gekennzeichnet. Sollten Sie trotzdem auf eine Urheberrechtsverletzung aufmerksam werden, wird um einen entsprechenden Hinweis gebeten. Bei Bekanntwerden von Rechtsverletzungen werden wir derartige Inhalte umgehend entfernen.<\/p>\n\n\n\n<p><strong>Website Design<\/strong><br>GO &#8211; process &amp; structure <\/p>\n\n\n\n<p><strong>Bildnachweis der verwendeten Bilder: <\/strong><br><a href=\"https:\/\/de.freepik.com\" target=\"_blank\" rel=\"noreferrer noopener nofollow\">Bilder von freepik<\/a><br><a href=\"https:\/\/www.flaticon.com\/free-icons\/phone-call\">Icons created by Uniconlabs &#8211; Flaticon<\/a><\/p>\n","protected":false},"excerpt":{"rendered":"<p>Falcon Logistics Solution GmbHvertreten durch Patrick\u00a0BlaschkeAntonio-Segni Stra\u00dfe 4DE-44263 Dortmund\u00a0 Telefon:&nbsp;+49 231 6285303 &#8211; 30E-Mail:&nbsp;info@falcon-logistic.de Umsatzsteuer-IdentifikationsnummerDE368211254 Steuernummer315\/5738\/1441&nbsp;Eintrag im HandelsregisterAmtsgericht Dortmund, HRB 36039 UrheberrechtshinweisDie durch uns erstellten Inhalte und Werke auf dieser Website unterliegen dem deutschen Urheberrecht. Die Vervielf\u00e4ltigung, Bearbeitung, Verbreitung und jede Art der Verwertung au\u00dferhalb der Grenzen des Urheberrechtes bed\u00fcrfen der schriftlichen Zustimmung des jeweiligen [&hellip;]<\/p>\n","protected":false},"author":1,"featured_media":0,"parent":0,"menu_order":0,"comment_status":"closed","ping_status":"closed","template":"templates\/template-full-width.php","meta":{"_themeisle_gutenberg_block_has_review":false,"footnotes":""},"class_list":["post-12","page","type-page","status-publish","hentry"],"yoast_head":"<!-- This site is optimized with the Yoast SEO plugin v24.8.1 - https:\/\/yoast.com\/wordpress\/plugins\/seo\/ -->\r\n<title>Impressum - Falcon Logistics Solution<\/title>\r\n<meta name=\"robots\" content=\"index, follow, max-snippet:-1, max-image-preview:large, max-video-preview:-1\" \/>\r\n<link rel=\"canonical\" href=\"https:\/\/falcon-logistic.de\/index.php\/impressum\/\" \/>\r\n<meta property=\"og:locale\" content=\"de_DE\" \/>\r\n<meta property=\"og:type\" content=\"article\" \/>\r\n<meta property=\"og:title\" content=\"Impressum - Falcon Logistics Solution\" \/>\r\n<meta property=\"og:description\" content=\"Falcon Logistics Solution GmbHvertreten durch Patrick\u00a0BlaschkeAntonio-Segni Stra\u00dfe 4DE-44263 Dortmund\u00a0 Telefon:&nbsp;+49 231 6285303 &#8211; 30E-Mail:&nbsp;info@falcon-logistic.de Umsatzsteuer-IdentifikationsnummerDE368211254 Steuernummer315\/5738\/1441&nbsp;Eintrag im HandelsregisterAmtsgericht Dortmund, HRB 36039 UrheberrechtshinweisDie durch uns erstellten Inhalte und Werke auf dieser Website unterliegen dem deutschen Urheberrecht. Die Vervielf\u00e4ltigung, Bearbeitung, Verbreitung und jede Art der Verwertung au\u00dferhalb der Grenzen des Urheberrechtes bed\u00fcrfen der schriftlichen Zustimmung des jeweiligen [&hellip;]\" \/>\r\n<meta property=\"og:url\" content=\"https:\/\/falcon-logistic.de\/index.php\/impressum\/\" \/>\r\n<meta property=\"og:site_name\" content=\"Falcon Logistics Solution\" \/>\r\n<meta property=\"article:modified_time\" content=\"2025-10-09T07:47:12+00:00\" \/>\r\n<meta name=\"twitter:card\" content=\"summary_large_image\" \/>\r\n<meta name=\"twitter:label1\" content=\"Gesch\u00e4tzte Lesezeit\" \/>\n\t<meta name=\"twitter:data1\" content=\"1\u00a0Minute\" \/>\r\n<script type=\"application\/ld+json\" class=\"yoast-schema-graph\">{\"@context\":\"https:\/\/schema.org\",\"@graph\":[{\"@type\":\"WebPage\",\"@id\":\"https:\/\/falcon-logistic.de\/index.php\/impressum\/\",\"url\":\"https:\/\/falcon-logistic.de\/index.php\/impressum\/\",\"name\":\"Impressum - Falcon Logistics Solution\",\"isPartOf\":{\"@id\":\"https:\/\/falcon-logistic.de\/#website\"},\"datePublished\":\"2025-04-04T16:34:42+00:00\",\"dateModified\":\"2025-10-09T07:47:12+00:00\",\"breadcrumb\":{\"@id\":\"https:\/\/falcon-logistic.de\/index.php\/impressum\/#breadcrumb\"},\"inLanguage\":\"de\",\"potentialAction\":[{\"@type\":\"ReadAction\",\"target\":[\"https:\/\/falcon-logistic.de\/index.php\/impressum\/\"]}]},{\"@type\":\"BreadcrumbList\",\"@id\":\"https:\/\/falcon-logistic.de\/index.php\/impressum\/#breadcrumb\",\"itemListElement\":[{\"@type\":\"ListItem\",\"position\":1,\"name\":\"Startseite\",\"item\":\"https:\/\/falcon-logistic.de\/\"},{\"@type\":\"ListItem\",\"position\":2,\"name\":\"Impressum\"}]},{\"@type\":\"WebSite\",\"@id\":\"https:\/\/falcon-logistic.de\/#website\",\"url\":\"https:\/\/falcon-logistic.de\/\",\"name\":\"Falcon Logistics Solution\",\"description\":\"\",\"publisher\":{\"@id\":\"https:\/\/falcon-logistic.de\/#organization\"},\"potentialAction\":[{\"@type\":\"SearchAction\",\"target\":{\"@type\":\"EntryPoint\",\"urlTemplate\":\"https:\/\/falcon-logistic.de\/?s={search_term_string}\"},\"query-input\":{\"@type\":\"PropertyValueSpecification\",\"valueRequired\":true,\"valueName\":\"search_term_string\"}}],\"inLanguage\":\"de\"},{\"@type\":\"Organization\",\"@id\":\"https:\/\/falcon-logistic.de\/#organization\",\"name\":\"Falcon Logistics Solution\",\"url\":\"https:\/\/falcon-logistic.de\/\",\"logo\":{\"@type\":\"ImageObject\",\"inLanguage\":\"de\",\"@id\":\"https:\/\/falcon-logistic.de\/#\/schema\/logo\/image\/\",\"url\":\"https:\/\/falcon-logistic.de\/wordpress\/wp-content\/uploads\/2025\/04\/cropped-Falcon-Logo.png\",\"contentUrl\":\"https:\/\/falcon-logistic.de\/wordpress\/wp-content\/uploads\/2025\/04\/cropped-Falcon-Logo.png\",\"width\":1756,\"height\":417,\"caption\":\"Falcon Logistics Solution\"},\"image\":{\"@id\":\"https:\/\/falcon-logistic.de\/#\/schema\/logo\/image\/\"}}]}<\/script>\r\n<!-- \/ Yoast SEO plugin. -->","yoast_head_json":{"title":"Impressum - Falcon Logistics Solution","robots":{"index":"index","follow":"follow","max-snippet":"max-snippet:-1","max-image-preview":"max-image-preview:large","max-video-preview":"max-video-preview:-1"},"canonical":"https:\/\/falcon-logistic.de\/index.php\/impressum\/","og_locale":"de_DE","og_type":"article","og_title":"Impressum - Falcon Logistics Solution","og_description":"Falcon Logistics Solution GmbHvertreten durch Patrick\u00a0BlaschkeAntonio-Segni Stra\u00dfe 4DE-44263 Dortmund\u00a0 Telefon:&nbsp;+49 231 6285303 &#8211; 30E-Mail:&nbsp;info@falcon-logistic.de Umsatzsteuer-IdentifikationsnummerDE368211254 Steuernummer315\/5738\/1441&nbsp;Eintrag im HandelsregisterAmtsgericht Dortmund, HRB 36039 UrheberrechtshinweisDie durch uns erstellten Inhalte und Werke auf dieser Website unterliegen dem deutschen Urheberrecht. Die Vervielf\u00e4ltigung, Bearbeitung, Verbreitung und jede Art der Verwertung au\u00dferhalb der Grenzen des Urheberrechtes bed\u00fcrfen der schriftlichen Zustimmung des jeweiligen [&hellip;]","og_url":"https:\/\/falcon-logistic.de\/index.php\/impressum\/","og_site_name":"Falcon Logistics Solution","article_modified_time":"2025-10-09T07:47:12+00:00","twitter_card":"summary_large_image","twitter_misc":{"Gesch\u00e4tzte Lesezeit":"1\u00a0Minute"},"schema":{"@context":"https:\/\/schema.org","@graph":[{"@type":"WebPage","@id":"https:\/\/falcon-logistic.de\/index.php\/impressum\/","url":"https:\/\/falcon-logistic.de\/index.php\/impressum\/","name":"Impressum - Falcon Logistics Solution","isPartOf":{"@id":"https:\/\/falcon-logistic.de\/#website"},"datePublished":"2025-04-04T16:34:42+00:00","dateModified":"2025-10-09T07:47:12+00:00","breadcrumb":{"@id":"https:\/\/falcon-logistic.de\/index.php\/impressum\/#breadcrumb"},"inLanguage":"de","potentialAction":[{"@type":"ReadAction","target":["https:\/\/falcon-logistic.de\/index.php\/impressum\/"]}]},{"@type":"BreadcrumbList","@id":"https:\/\/falcon-logistic.de\/index.php\/impressum\/#breadcrumb","itemListElement":[{"@type":"ListItem","position":1,"name":"Startseite","item":"https:\/\/falcon-logistic.de\/"},{"@type":"ListItem","position":2,"name":"Impressum"}]},{"@type":"WebSite","@id":"https:\/\/falcon-logistic.de\/#website","url":"https:\/\/falcon-logistic.de\/","name":"Falcon Logistics Solution","description":"","publisher":{"@id":"https:\/\/falcon-logistic.de\/#organization"},"potentialAction":[{"@type":"SearchAction","target":{"@type":"EntryPoint","urlTemplate":"https:\/\/falcon-logistic.de\/?s={search_term_string}"},"query-input":{"@type":"PropertyValueSpecification","valueRequired":true,"valueName":"search_term_string"}}],"inLanguage":"de"},{"@type":"Organization","@id":"https:\/\/falcon-logistic.de\/#organization","name":"Falcon Logistics Solution","url":"https:\/\/falcon-logistic.de\/","logo":{"@type":"ImageObject","inLanguage":"de","@id":"https:\/\/falcon-logistic.de\/#\/schema\/logo\/image\/","url":"https:\/\/falcon-logistic.de\/wordpress\/wp-content\/uploads\/2025\/04\/cropped-Falcon-Logo.png","contentUrl":"https:\/\/falcon-logistic.de\/wordpress\/wp-content\/uploads\/2025\/04\/cropped-Falcon-Logo.png","width":1756,"height":417,"caption":"Falcon Logistics Solution"},"image":{"@id":"https:\/\/falcon-logistic.de\/#\/schema\/logo\/image\/"}}]}},"jetpack_sharing_enabled":true,"_links":{"self":[{"href":"https:\/\/falcon-logistic.de\/index.php\/wp-json\/wp\/v2\/pages\/12","targetHints":{"allow":["GET"]}}],"collection":[{"href":"https:\/\/falcon-logistic.de\/index.php\/wp-json\/wp\/v2\/pages"}],"about":[{"href":"https:\/\/falcon-logistic.de\/index.php\/wp-json\/wp\/v2\/types\/page"}],"author":[{"embeddable":true,"href":"https:\/\/falcon-logistic.de\/index.php\/wp-json\/wp\/v2\/users\/1"}],"replies":[{"embeddable":true,"href":"https:\/\/falcon-logistic.de\/index.php\/wp-json\/wp\/v2\/comments?post=12"}],"version-history":[{"count":9,"href":"https:\/\/falcon-logistic.de\/index.php\/wp-json\/wp\/v2\/pages\/12\/revisions"}],"predecessor-version":[{"id":1481,"href":"https:\/\/falcon-logistic.de\/index.php\/wp-json\/wp\/v2\/pages\/12\/revisions\/1481"}],"wp:attachment":[{"href":"https:\/\/falcon-logistic.de\/index.php\/wp-json\/wp\/v2\/media?parent=12"}],"curies":[{"name":"wp","href":"https:\/\/api.w.org\/{rel}","templated":true}]}}